{"id":101522,"date":"2015-05-15T08:05:23","date_gmt":"2015-05-15T11:05:23","guid":{"rendered":"http:\/\/www.loopian.com.ar\/?page_id=101522"},"modified":"2015-05-15T08:07:47","modified_gmt":"2015-05-15T11:07:47","slug":"condiciones-de-servicio","status":"publish","type":"page","link":"https:\/\/www.loopian.com.ar\/inscripcion\/condiciones-de-servicio\/","title":{"rendered":"Condiciones de Servicio"},"content":{"rendered":"<p>[et_pb_section][et_pb_row][et_pb_column type=\u00bb4_4&#8243;][et_pb_text admin_label=\u00bbTexto\u00bb background_layout=\u00bblight\u00bb text_orientation=\u00bbleft\u00bb]<\/p>\n<h1 style=\"text-align: center;\">CONDICIONES DE SERVICIO<\/h1>\n<p>&nbsp;<\/p>\n<p>Le damos la bienvenida al Aula Virtual de <strong>LOOPIAN \u2013 CENTRO DE EDUCACI\u00d3N A DISTANCIA<\/strong>. Al acceder y utilizar este servicio como alumno, tutor y\/o administrador del Aula, usted acuerda regirse por los t\u00e9rminos y condiciones estipulados en este documento. Por favor, lea estas condiciones atentamente antes de comenzar a utilizar este servicio.<\/p>\n<p><strong>1. \u00c1mbito de aplicaci\u00f3n<\/strong><\/p>\n<p>Las siguientes normas son de aplicaci\u00f3n a todos los usuarios del Aula Virtual. Se entiende por Aula Virtual la plataforma y espacio de trabajo e interfaz digital provisto por Loopian SRL que tienen por objeto cumplir funciones educativas. Cada usuario es responsable del uso personal que haga de la plataforma, de acuerdo con los t\u00e9rminos contenidos en este documento.<\/p>\n<p>Este documento podr\u00e1 ser modificado en el futuro para ajustarlo a la evoluci\u00f3n tecnol\u00f3gica y legislativa. Asimismo, podr\u00e1 ser modificado si la administraci\u00f3n del sitio o la direcci\u00f3n del Curso lo estiman conveniente por motivos t\u00e9cnicos, pedag\u00f3gicos, comerciales, legales o de cualquier otra naturaleza.<\/p>\n<p><strong>2. T\u00e9rminos y condiciones de uso<\/strong><\/p>\n<p>2.1. Son considerados miembros del Aula Virtual:<\/p>\n<p>a. Los alumnos que se dan de alta en el sistema y se matriculan en alguno de los cursos.<\/p>\n<p>b. Los tutores que se dan de alta en el sistema.<\/p>\n<p>c. Los administradores designados en el sistema.<\/p>\n<p>2.2. Los miembros del Aula Virtual se comprometen a:<\/p>\n<p>a. Responder de la veracidad de los datos de inscripci\u00f3n, comunicando al administrador cualquier cambio en los mismos.<\/p>\n<p>b. Proceder con educaci\u00f3n y respeto hacia el resto de la comunidad del Aula Virtual en cualquier interacci\u00f3n y comunicaci\u00f3n con otros usuarios y, en particular, en los espacios de discusi\u00f3n, foros, chats, mensajer\u00eda.<\/p>\n<p>c. Velar por el correcto uso y privacidad del nombre de usuario y contrase\u00f1a de acceso al Aula, que ser\u00e1n de uso personal e intransferible. En caso de p\u00e9rdida u olvido de usuario y contrase\u00f1a deber\u00e1n ponerse en contacto con el administrador.<\/p>\n<p>d. Utilizar los servicios y contenidos del Aula conforme los principios de buena fe y a no contravenir las buenas formas y costumbres socialmente aceptadas.<\/p>\n<p>e. Acceder \u00fanicamente a los recursos para los que se les concede permiso.<\/p>\n<p>f. Comunicar a un administrador, cualquier incidencia que viole las presentes condiciones de uso observada durante el uso de la plataforma.<\/p>\n<p>g. Comunicar a un administrador, cualquier anomal\u00eda de naturaleza t\u00e9cnica observada durante el uso de la plataforma.<\/p>\n<p>h. No utilizar la plataforma para ninguna de las actividades calificadas como \u00abno aceptables\u00bb en el siguiente ep\u00edgrafe.<\/p>\n<p>2.3. Los usuarios del Aula Virtual se comprometen a no usar su infraestructura y servicios para:<\/p>\n<p>a. La difusi\u00f3n de cualquier material que viole la legislaci\u00f3n vigente en materia de Propiedad Intelectual.<\/p>\n<p>b. La difusi\u00f3n de material que pueda perjudicar a otros usuarios de la red (virus, correo publicitario, cadenas de correo, etc.), como as\u00ed tambi\u00e9n la transmisi\u00f3n de valoraciones o comentarios a trav\u00e9s de los servicios, herramientas y utilidades del Aula, que atente contra los valores y la dignidad de las personas, de acuerdo con las normas nacionales e internacionales de protecci\u00f3n de derechos humanos.<\/p>\n<p>c. La realizaci\u00f3n de actividades encaminadas a entorpecer el uso de la red: congesti\u00f3n de enlaces, denegaci\u00f3n de servicios, destrucci\u00f3n de informaci\u00f3n, violaci\u00f3n de la privacidad, etc.<\/p>\n<p>d. La publicaci\u00f3n de material que sea o que pueda considerarse ilegal, amenazante, da\u00f1ino, ofensivo, difamatorio, obsceno o pornogr\u00e1fico.<\/p>\n<p>e. La usurpaci\u00f3n de la personalidad de otro usuario del sistema o la simulaci\u00f3n o desvirtuaci\u00f3n de la relaci\u00f3n del usuario con cualquier otra persona o entidad.<\/p>\n<p>f. La utilizaci\u00f3n del Aula Virtual con cualquier fin comercial y\/o publicitario. Est\u00e1 terminantemente prohibido recopilar direcciones de correo electr\u00f3nico u otra informaci\u00f3n de los usuarios para remitir comunicaciones no solicitadas.<\/p>\n<p>g. Y, en general, cualquier acto que viole la legislaci\u00f3n vigente.<\/p>\n<p><strong>3. Propiedad Intelectual<\/strong><\/p>\n<p>Este entorno web es propiedad de Loopian S.R.L., as\u00ed como la totalidad de elementos y\/o contenidos que lo integran, debiendo los usuarios del Aula respetar la propiedad intelectual de los mismos.<\/p>\n<p>Loopian no concede licencia o autorizaci\u00f3n de uso alguno de sus derechos intelectuales sobre los elementos mencionados u otros derechos relacionados con esta web, excepto los derechos expresamente concedidos sobre los materiales de ense\u00f1anza contenidos en el Aula Virtual.<\/p>\n<p>El usuario puede utilizar el contenido de los servicios del Aula si es autorizado por su titular y s\u00f3lo en la medida de dicha autorizaci\u00f3n, pudiendo descargar solo los contenidos que le sean expresamente permitidos y de acuerdo a la contrataci\u00f3n que haya celebrado previamente. En ning\u00fan caso puede ni debe revisar, alterar, modificar, publicar por cualquier medio, reproducir (fotocopias y\/o escaneos, grabado de CDs, publicaci\u00f3n en sitios de internet gratuitos o pagos, subida y compartida de archivos en la nube, puesta a disposici\u00f3n y\/o env\u00edo v\u00eda correo electr\u00f3nico, subida a foros y redes sociales, etc), republicar, divulgar, vender, ceder, usufructuar, traducir, utilizar para fines ajenos a los de la contrataci\u00f3n, los contenidos descargados de este sitio.<\/p>\n<p>Los usuarios ser\u00e1n responsables por el uso que realicen de la informaci\u00f3n a la cual pueden acceder a trav\u00e9s de esta plataforma y de las infracciones a los derechos respectivos que eventualmente pudieran cometer.<\/p>\n<p>Si considera que alg\u00fan contenido de cualquiera de los materiales publicados en esta Plataforma pudiera infringir derechos de terceros, tenga bien notificarnos mediante el email de contacto.<\/p>\n<p><strong>4. Sanciones<\/strong><\/p>\n<p>Cuando se demuestre un uso incorrecto de los servicios del Aula Virtual, y dependiendo de la gravedad del incidente y del grado de reiteraci\u00f3n del usuario implicado, se proceder\u00e1 a la retirada temporal o definitiva del servicio a dicho usuario, sin perjuicio de la aplicaci\u00f3n de otras medidas de car\u00e1cter disciplinario, administrativas y\/o judiciales.<\/p>\n<p>Si estas condiciones no son cumplidas y Loopian no toma ninguna medida al respecto de forma inmediata, no se entender\u00e1 que Loopian renuncia a los derechos de los que pueda disponer (como, por ejemplo, llevar a cabo acciones en el futuro).<\/p>\n<p><strong>5. Informaci\u00f3n personal y perfil de usuario<\/strong><\/p>\n<p>Loopian velar\u00e1 por la confidencialidad de los datos y contenidos depositados en el Aula Virtual, manteniendo los sistemas de seguridad y protecci\u00f3n adecuados para este fin. Los usuarios se comprometen a facilitar informaci\u00f3n veraz en sus perfiles personales, recomend\u00e1ndose el uso de una foto real y actualizada, en caso de ser requerida.<\/p>\n<p><strong>6. Responsabilidad<\/strong><\/p>\n<p>Loopian no da garant\u00edas de ning\u00fan tipo, expresas o impl\u00edcitas, de la operaci\u00f3n del Aula Virtual, no siendo responsable de los da\u00f1os y perjuicios que pudieran surgir de su uso.<\/p>\n<p>Los contenidos publicados en el aula virtual ser\u00e1n responsabilidad de los encargados de cada espacio, disponiendo de permisos para la administraci\u00f3n de su Aula Virtual.<\/p>\n<p>Los usuarios ser\u00e1n responsables de las comunicaciones realizadas a trav\u00e9s del Campus Virtual.<\/p>\n<p><strong>7. Modificaci\u00f3n de t\u00e9rminos y condiciones de uso<\/strong><\/p>\n<p>Loopian se reserva el derecho de cambiar, en cualquier momento, las condiciones en que se ofrece este servicio. Usted es responsable de revisar peri\u00f3dicamente los t\u00e9rminos y condiciones de uso. Las modificaciones no se aplicar\u00e1n con car\u00e1cter retroactivo y entrar\u00e1n en vigor en un plazo no inferior a 15 d\u00edas a partir de la fecha de su publicaci\u00f3n. No obstante, las modificaciones que se hagan por cuestiones legales entrar\u00e1n en vigor de forma inmediata. Si Ud. no acepta las condiciones modificadas de un Servicio, deber\u00e1 dejar de usar el mismo.<\/p>\n<p><strong>8. Condiciones Generales<\/strong><\/p>\n<p>Ud. acepta que las leyes de la Rep\u00fablica Argentina se apliquen a cualquier conflicto que se derive de estas condiciones o de los Servicios o que est\u00e9 relacionado con los mismos.<\/p>\n<p>Tanto Loopian como Ud. aceptan someterse a la jurisdicci\u00f3n exclusiva de los Tribunales Ordinarios de la ciudad de C\u00f3rdoba, C\u00f3rdoba, Argentina para solucionar las reclamaciones derivadas de estas condiciones o de los Servicio o relacionadas con los mismos.<\/p>\n<p>[\/et_pb_text][\/et_pb_column][\/et_pb_row][\/et_pb_section]<\/p>\n","protected":false},"excerpt":{"rendered":"<p><div class=\"et_pb_section et_pb_section_0 et_section_regular\" >\n\t\t\t\t\n\t\t\t\t\n\t\t\t\t\n\t\t\t\t\n\t\t\t\t\n\t\t\t\t\n\t\t\t\t\n\t\t\t\t\n\t\t\t\t\n\t\t\t<\/div><div class=\"et_pb_row et_pb_row_0 et_pb_row_empty\">\n\t\t\t\t\n\t\t\t\t\n\t\t\t\t\n\t\t\t\t\n\t\t\t\t\n\t\t\t<\/div> CONDICIONES DE SERVICIO &nbsp; Le damos la bienvenida al Aula Virtual de LOOPIAN \u2013 CENTRO DE EDUCACI\u00d3N A DISTANCIA. Al acceder y utilizar este servicio como alumno, tutor y\/o administrador del Aula, usted acuerda regirse por los t\u00e9rminos y condiciones estipulados en este documento. Por favor, lea estas condiciones atentamente antes de comenzar a [&hellip;]<\/p>\n","protected":false},"author":6042,"featured_media":0,"parent":0,"menu_order":0,"comment_status":"open","ping_status":"closed","template":"","meta":{"_acf_changed":false,"_et_pb_use_builder":"on","_et_pb_old_content":"<p>Le damos la bienvenida al Aula Virtual de <strong>LOOPIAN \u2013 CENTRO DE EDUCACI\u00d3N A DISTANCIA<\/strong>. Al acceder y utilizar este servicio como alumno, tutor y\/o administrador del Aula, usted acuerda regirse por los t\u00e9rminos y condiciones estipulados en este documento. Por favor, lea estas condiciones atentamente antes de comenzar a utilizar este servicio.<\/p><p><strong>1. \u00c1mbito de aplicaci\u00f3n<\/strong><\/p><p>Las siguientes normas son de aplicaci\u00f3n a todos los usuarios del Aula Virtual. Se entiende por Aula Virtual la plataforma y espacio de trabajo e interfaz digital provisto por Loopian SRL que tienen por objeto cumplir funciones educativas. Cada usuario es responsable del uso personal que haga de la plataforma, de acuerdo con los t\u00e9rminos contenidos en este documento.<\/p><p>Este documento podr\u00e1 ser modificado en el futuro para ajustarlo a la evoluci\u00f3n tecnol\u00f3gica y legislativa. Asimismo, podr\u00e1 ser modificado si la administraci\u00f3n del sitio o la direcci\u00f3n del Curso lo estiman conveniente por motivos t\u00e9cnicos, pedag\u00f3gicos, comerciales, legales o de cualquier otra naturaleza.<\/p><p><strong>2. T\u00e9rminos y condiciones de uso<\/strong><\/p><p>2.1. Son considerados miembros del Aula Virtual:<\/p><p>a. Los alumnos que se dan de alta en el sistema y se matriculan en alguno de los cursos.<\/p><p>b. Los tutores que se dan de alta en el sistema.<\/p><p>c. Los administradores designados en el sistema.<\/p><p>2.2. Los miembros del Aula Virtual se comprometen a:<\/p><p>a. Responder de la veracidad de los datos de inscripci\u00f3n, comunicando al administrador cualquier cambio en los mismos.<\/p><p>b. Proceder con educaci\u00f3n y respeto hacia el resto de la comunidad del Aula Virtual en cualquier interacci\u00f3n y comunicaci\u00f3n con otros usuarios y, en particular, en los espacios de discusi\u00f3n, foros, chats, mensajer\u00eda.<\/p><p>c. Velar por el correcto uso y privacidad del nombre de usuario y contrase\u00f1a de acceso al Aula, que ser\u00e1n de uso personal e intransferible. En caso de p\u00e9rdida u olvido de usuario y contrase\u00f1a deber\u00e1n ponerse en contacto con el administrador.<\/p><p>d. Utilizar los servicios y contenidos del Aula conforme los principios de buena fe y a no contravenir las buenas formas y costumbres socialmente aceptadas.<\/p><p>e. Acceder \u00fanicamente a los recursos para los que se les concede permiso.<\/p><p>f. Comunicar a un administrador, cualquier incidencia que viole las presentes condiciones de uso observada durante el uso de la plataforma.<\/p><p>g. Comunicar a un administrador, cualquier anomal\u00eda de naturaleza t\u00e9cnica observada durante el uso de la plataforma.<\/p><p>h. No utilizar la plataforma para ninguna de las actividades calificadas como \"no aceptables\" en el siguiente ep\u00edgrafe.<\/p><p>2.3. Los usuarios del Aula Virtual se comprometen a no usar su infraestructura y servicios para:<\/p><p>a. La difusi\u00f3n de cualquier material que viole la legislaci\u00f3n vigente en materia de Propiedad Intelectual.<\/p><p>b. La difusi\u00f3n de material que pueda perjudicar a otros usuarios de la red (virus, correo publicitario, cadenas de correo, etc.), como as\u00ed tambi\u00e9n la transmisi\u00f3n de valoraciones o comentarios a trav\u00e9s de los servicios, herramientas y utilidades del Aula, que atente contra los valores y la dignidad de las personas, de acuerdo con las normas nacionales e internacionales de protecci\u00f3n de derechos humanos.<\/p><p>c. La realizaci\u00f3n de actividades encaminadas a entorpecer el uso de la red: congesti\u00f3n de enlaces, denegaci\u00f3n de servicios, destrucci\u00f3n de informaci\u00f3n, violaci\u00f3n de la privacidad, etc.<\/p><p>d. La publicaci\u00f3n de material que sea o que pueda considerarse ilegal, amenazante, da\u00f1ino, ofensivo, difamatorio, obsceno o pornogr\u00e1fico.<\/p><p>e. La usurpaci\u00f3n de la personalidad de otro usuario del sistema o la simulaci\u00f3n o desvirtuaci\u00f3n de la relaci\u00f3n del usuario con cualquier otra persona o entidad.<\/p><p>f. La utilizaci\u00f3n del Aula Virtual con cualquier fin comercial y\/o publicitario. Est\u00e1 terminantemente prohibido recopilar direcciones de correo electr\u00f3nico u otra informaci\u00f3n de los usuarios para remitir comunicaciones no solicitadas.<\/p><p>g. Y, en general, cualquier acto que viole la legislaci\u00f3n vigente.<\/p><p><strong>3. Propiedad Intelectual<\/strong><\/p><p>Este entorno web es propiedad de Loopian S.R.L., as\u00ed como la totalidad de elementos y\/o contenidos que lo integran, debiendo los usuarios del Aula respetar la propiedad intelectual de los mismos.<\/p><p>Loopian no concede licencia o autorizaci\u00f3n de uso alguno de sus derechos intelectuales sobre los elementos mencionados u otros derechos relacionados con esta web, excepto los derechos expresamente concedidos sobre los materiales de ense\u00f1anza contenidos en el Aula Virtual.<\/p><p>El usuario puede utilizar el contenido de los servicios del Aula si es autorizado por su titular y s\u00f3lo en la medida de dicha autorizaci\u00f3n, pudiendo descargar solo los contenidos que le sean expresamente permitidos y de acuerdo a la contrataci\u00f3n que haya celebrado previamente. En ning\u00fan caso puede ni debe revisar, alterar, modificar, publicar por cualquier medio, reproducir (fotocopias y\/o escaneos, grabado de CDs, publicaci\u00f3n en sitios de internet gratuitos o pagos, subida y compartida de archivos en la nube, puesta a disposici\u00f3n y\/o env\u00edo v\u00eda correo electr\u00f3nico, subida a foros y redes sociales, etc), republicar, divulgar, vender, ceder, usufructuar, traducir, utilizar para fines ajenos a los de la contrataci\u00f3n, los contenidos descargados de este sitio.<\/p><p>Los usuarios ser\u00e1n responsables por el uso que realicen de la informaci\u00f3n a la cual pueden acceder a trav\u00e9s de esta plataforma y de las infracciones a los derechos respectivos que eventualmente pudieran cometer.<\/p><p>Si considera que alg\u00fan contenido de cualquiera de los materiales publicados en esta Plataforma pudiera infringir derechos de terceros, tenga bien notificarnos mediante el email de contacto.<\/p><p><strong>4. Sanciones<\/strong><\/p><p>Cuando se demuestre un uso incorrecto de los servicios del Aula Virtual, y dependiendo de la gravedad del incidente y del grado de reiteraci\u00f3n del usuario implicado, se proceder\u00e1 a la retirada temporal o definitiva del servicio a dicho usuario, sin perjuicio de la aplicaci\u00f3n de otras medidas de car\u00e1cter disciplinario, administrativas y\/o judiciales.<\/p><p>Si estas condiciones no son cumplidas y Loopian no toma ninguna medida al respecto de forma inmediata, no se entender\u00e1 que Loopian renuncia a los derechos de los que pueda disponer (como, por ejemplo, llevar a cabo acciones en el futuro).<\/p><p><strong>5. Informaci\u00f3n personal y perfil de usuario<\/strong><\/p><p>Loopian velar\u00e1 por la confidencialidad de los datos y contenidos depositados en el Aula Virtual, manteniendo los sistemas de seguridad y protecci\u00f3n adecuados para este fin. Los usuarios se comprometen a facilitar informaci\u00f3n veraz en sus perfiles personales, recomend\u00e1ndose el uso de una foto real y actualizada, en caso de ser requerida.<\/p><p><strong>6. Responsabilidad<\/strong><\/p><p>Loopian no da garant\u00edas de ning\u00fan tipo, expresas o impl\u00edcitas, de la operaci\u00f3n del Aula Virtual, no siendo responsable de los da\u00f1os y perjuicios que pudieran surgir de su uso.<\/p><p>Los contenidos publicados en el aula virtual ser\u00e1n responsabilidad de los encargados de cada espacio, disponiendo de permisos para la administraci\u00f3n de su Aula Virtual.<\/p><p>Los usuarios ser\u00e1n responsables de las comunicaciones realizadas a trav\u00e9s del Campus Virtual.<\/p><p><strong>7. Modificaci\u00f3n de t\u00e9rminos y condiciones de uso<\/strong><\/p><p>Loopian se reserva el derecho de cambiar, en cualquier momento, las condiciones en que se ofrece este servicio. Usted es responsable de revisar peri\u00f3dicamente los t\u00e9rminos y condiciones de uso. Las modificaciones no se aplicar\u00e1n con car\u00e1cter retroactivo y entrar\u00e1n en vigor en un plazo no inferior a 15 d\u00edas a partir de la fecha de su publicaci\u00f3n. No obstante, las modificaciones que se hagan por cuestiones legales entrar\u00e1n en vigor de forma inmediata. Si Ud. no acepta las condiciones modificadas de un Servicio, deber\u00e1 dejar de usar el mismo.<\/p><p><strong>8. Condiciones Generales<\/strong><\/p><p>Ud. acepta que las leyes de la Rep\u00fablica Argentina se apliquen a cualquier conflicto que se derive de estas condiciones o de los Servicios o que est\u00e9 relacionado con los mismos.<\/p><p>Tanto Loopian como Ud. aceptan someterse a la jurisdicci\u00f3n exclusiva de los Tribunales Ordinarios de la ciudad de C\u00f3rdoba, C\u00f3rdoba, Argentina para solucionar las reclamaciones derivadas de estas condiciones o de los Servicio o relacionadas con los mismos.<\/p>","_et_gb_content_width":"","footnotes":""},"class_list":["post-101522","page","type-page","status-publish","hentry"],"acf":[],"yoast_head":"<!-- This site is optimized with the Yoast SEO plugin v27.0 - https:\/\/yoast.com\/product\/yoast-seo-wordpress\/ -->\n<title>Condiciones de Servicio - Loopian<\/title>\n<meta name=\"robots\" content=\"index, follow, max-snippet:-1, max-image-preview:large, max-video-preview:-1\" \/>\n<link rel=\"canonical\" href=\"https:\/\/www.loopian.com.ar\/inscripcion\/condiciones-de-servicio\/\" \/>\n<meta name=\"twitter:label1\" content=\"Tiempo de lectura\" \/>\n\t<meta name=\"twitter:data1\" content=\"7 minutos\" \/>\n<script type=\"application\/ld+json\" class=\"yoast-schema-graph\">{\"@context\":\"https:\/\/schema.org\",\"@graph\":[{\"@type\":\"WebPage\",\"@id\":\"https:\/\/www.loopian.com.ar\/inscripcion\/condiciones-de-servicio\/\",\"url\":\"https:\/\/www.loopian.com.ar\/inscripcion\/condiciones-de-servicio\/\",\"name\":\"Condiciones de Servicio - Loopian\",\"isPartOf\":{\"@id\":\"https:\/\/www.loopian.com.ar\/inscripcion\/#website\"},\"datePublished\":\"2015-05-15T11:05:23+00:00\",\"dateModified\":\"2015-05-15T11:07:47+00:00\",\"breadcrumb\":{\"@id\":\"https:\/\/www.loopian.com.ar\/inscripcion\/condiciones-de-servicio\/#breadcrumb\"},\"inLanguage\":\"es\",\"potentialAction\":[{\"@type\":\"ReadAction\",\"target\":[\"https:\/\/www.loopian.com.ar\/inscripcion\/condiciones-de-servicio\/\"]}]},{\"@type\":\"BreadcrumbList\",\"@id\":\"https:\/\/www.loopian.com.ar\/inscripcion\/condiciones-de-servicio\/#breadcrumb\",\"itemListElement\":[{\"@type\":\"ListItem\",\"position\":1,\"name\":\"Portada\",\"item\":\"https:\/\/www.loopian.com.ar\/inscripcion\/\"},{\"@type\":\"ListItem\",\"position\":2,\"name\":\"Condiciones de Servicio\"}]},{\"@type\":\"WebSite\",\"@id\":\"https:\/\/www.loopian.com.ar\/inscripcion\/#website\",\"url\":\"https:\/\/www.loopian.com.ar\/inscripcion\/\",\"name\":\"Loopian\",\"description\":\"Cursos a Distancia\",\"publisher\":{\"@id\":\"https:\/\/www.loopian.com.ar\/inscripcion\/#organization\"},\"potentialAction\":[{\"@type\":\"SearchAction\",\"target\":{\"@type\":\"EntryPoint\",\"urlTemplate\":\"https:\/\/www.loopian.com.ar\/inscripcion\/?s={search_term_string}\"},\"query-input\":{\"@type\":\"PropertyValueSpecification\",\"valueRequired\":true,\"valueName\":\"search_term_string\"}}],\"inLanguage\":\"es\"},{\"@type\":\"Organization\",\"@id\":\"https:\/\/www.loopian.com.ar\/inscripcion\/#organization\",\"name\":\"Loopian - Centro de Educaci\u00f3n a Distancia\",\"url\":\"https:\/\/www.loopian.com.ar\/inscripcion\/\",\"logo\":{\"@type\":\"ImageObject\",\"inLanguage\":\"es\",\"@id\":\"https:\/\/www.loopian.com.ar\/inscripcion\/#\/schema\/logo\/image\/\",\"url\":\"https:\/\/www.loopian.com.ar\/cursos\/wp-content\/uploads\/2014\/10\/Logo-300x76-e1415721729336.png\",\"contentUrl\":\"https:\/\/www.loopian.com.ar\/cursos\/wp-content\/uploads\/2014\/10\/Logo-300x76-e1415721729336.png\",\"width\":280,\"height\":71,\"caption\":\"Loopian - Centro de Educaci\u00f3n a Distancia\"},\"image\":{\"@id\":\"https:\/\/www.loopian.com.ar\/inscripcion\/#\/schema\/logo\/image\/\"},\"sameAs\":[\"http:\/\/www.loopian.com.ar\/loopian\"]}]}<\/script>\n<!-- \/ Yoast SEO plugin. -->","yoast_head_json":{"title":"Condiciones de Servicio - Loopian","robots":{"index":"index","follow":"follow","max-snippet":"max-snippet:-1","max-image-preview":"max-image-preview:large","max-video-preview":"max-video-preview:-1"},"canonical":"https:\/\/www.loopian.com.ar\/inscripcion\/condiciones-de-servicio\/","twitter_misc":{"Tiempo de lectura":"7 minutos"},"schema":{"@context":"https:\/\/schema.org","@graph":[{"@type":"WebPage","@id":"https:\/\/www.loopian.com.ar\/inscripcion\/condiciones-de-servicio\/","url":"https:\/\/www.loopian.com.ar\/inscripcion\/condiciones-de-servicio\/","name":"Condiciones de Servicio - Loopian","isPartOf":{"@id":"https:\/\/www.loopian.com.ar\/inscripcion\/#website"},"datePublished":"2015-05-15T11:05:23+00:00","dateModified":"2015-05-15T11:07:47+00:00","breadcrumb":{"@id":"https:\/\/www.loopian.com.ar\/inscripcion\/condiciones-de-servicio\/#breadcrumb"},"inLanguage":"es","potentialAction":[{"@type":"ReadAction","target":["https:\/\/www.loopian.com.ar\/inscripcion\/condiciones-de-servicio\/"]}]},{"@type":"BreadcrumbList","@id":"https:\/\/www.loopian.com.ar\/inscripcion\/condiciones-de-servicio\/#breadcrumb","itemListElement":[{"@type":"ListItem","position":1,"name":"Portada","item":"https:\/\/www.loopian.com.ar\/inscripcion\/"},{"@type":"ListItem","position":2,"name":"Condiciones de Servicio"}]},{"@type":"WebSite","@id":"https:\/\/www.loopian.com.ar\/inscripcion\/#website","url":"https:\/\/www.loopian.com.ar\/inscripcion\/","name":"Loopian","description":"Cursos a Distancia","publisher":{"@id":"https:\/\/www.loopian.com.ar\/inscripcion\/#organization"},"potentialAction":[{"@type":"SearchAction","target":{"@type":"EntryPoint","urlTemplate":"https:\/\/www.loopian.com.ar\/inscripcion\/?s={search_term_string}"},"query-input":{"@type":"PropertyValueSpecification","valueRequired":true,"valueName":"search_term_string"}}],"inLanguage":"es"},{"@type":"Organization","@id":"https:\/\/www.loopian.com.ar\/inscripcion\/#organization","name":"Loopian - Centro de Educaci\u00f3n a Distancia","url":"https:\/\/www.loopian.com.ar\/inscripcion\/","logo":{"@type":"ImageObject","inLanguage":"es","@id":"https:\/\/www.loopian.com.ar\/inscripcion\/#\/schema\/logo\/image\/","url":"https:\/\/www.loopian.com.ar\/cursos\/wp-content\/uploads\/2014\/10\/Logo-300x76-e1415721729336.png","contentUrl":"https:\/\/www.loopian.com.ar\/cursos\/wp-content\/uploads\/2014\/10\/Logo-300x76-e1415721729336.png","width":280,"height":71,"caption":"Loopian - Centro de Educaci\u00f3n a Distancia"},"image":{"@id":"https:\/\/www.loopian.com.ar\/inscripcion\/#\/schema\/logo\/image\/"},"sameAs":["http:\/\/www.loopian.com.ar\/loopian"]}]}},"_links":{"self":[{"href":"https:\/\/www.loopian.com.ar\/inscripcion\/wp-json\/wp\/v2\/pages\/101522","targetHints":{"allow":["GET"]}}],"collection":[{"href":"https:\/\/www.loopian.com.ar\/inscripcion\/wp-json\/wp\/v2\/pages"}],"about":[{"href":"https:\/\/www.loopian.com.ar\/inscripcion\/wp-json\/wp\/v2\/types\/page"}],"author":[{"embeddable":true,"href":"https:\/\/www.loopian.com.ar\/inscripcion\/wp-json\/wp\/v2\/users\/6042"}],"replies":[{"embeddable":true,"href":"https:\/\/www.loopian.com.ar\/inscripcion\/wp-json\/wp\/v2\/comments?post=101522"}],"version-history":[{"count":0,"href":"https:\/\/www.loopian.com.ar\/inscripcion\/wp-json\/wp\/v2\/pages\/101522\/revisions"}],"wp:attachment":[{"href":"https:\/\/www.loopian.com.ar\/inscripcion\/wp-json\/wp\/v2\/media?parent=101522"}],"curies":[{"name":"wp","href":"https:\/\/api.w.org\/{rel}","templated":true}]}}