{"id":887,"date":"2014-10-27T11:28:09","date_gmt":"2014-10-27T14:28:09","guid":{"rendered":"http:\/\/www.loopian.com.ar\/cursos\/?page_id=887"},"modified":"2023-04-28T10:17:51","modified_gmt":"2023-04-28T13:17:51","slug":"politicas","status":"publish","type":"page","link":"https:\/\/www.loopian.com.ar\/inscripcion\/politicas\/","title":{"rendered":"Pol\u00edticas de protecci\u00f3n de privacidad"},"content":{"rendered":"<p>[et_pb_section fb_built=\u00bb1&#8243; admin_label=\u00bbsection\u00bb module_id=\u00bbtop\u00bb _builder_version=\u00bb4.16&#8243; background_color=\u00bb#ffffff\u00bb transparent_background=\u00bboff\u00bb global_colors_info=\u00bb{}\u00bb][et_pb_row admin_label=\u00bbrow\u00bb _builder_version=\u00bb4.16&#8243; background_size=\u00bbinitial\u00bb background_position=\u00bbtop_left\u00bb background_repeat=\u00bbrepeat\u00bb global_colors_info=\u00bb{}\u00bb custom_padding=\u00bb40px||80px|||\u00bb][et_pb_column type=\u00bb4_4&#8243; _builder_version=\u00bb4.16&#8243; custom_padding=\u00bb|||\u00bb global_colors_info=\u00bb{}\u00bb custom_padding__hover=\u00bb|||\u00bb][et_pb_text admin_label=\u00bbText\u00bb _builder_version=\u00bb4.20.4&#8243; background_size=\u00bbinitial\u00bb background_position=\u00bbtop_left\u00bb background_repeat=\u00bbrepeat\u00bb hover_enabled=\u00bb0&#8243; global_colors_info=\u00bb{}\u00bb header_font_size=\u00bb20px\u00bb header_text_color=\u00bb#522DD7&#8243; sticky_enabled=\u00bb0&#8243;]<\/p>\n<h1 style=\"margin-top: 10px; font-size: 52px; text-align: center;\">Pol\u00edticas de <strong>protecci\u00f3n Privacidad<\/strong> Loopian<\/h1>\n<p>[\/et_pb_text][et_pb_text admin_label=\u00bbText\u00bb _builder_version=\u00bb4.16&#8243; background_size=\u00bbinitial\u00bb background_position=\u00bbtop_left\u00bb background_repeat=\u00bbrepeat\u00bb global_colors_info=\u00bb{}\u00bb custom_margin=\u00bb24px|||||\u00bb custom_padding=\u00bb35px|||||\u00bb]<\/p>\n<p>La presente Pol\u00edtica de Privacidad y Seguridad forma parte de los T\u00e9rminos y Condiciones (L\u00edmites y Pol\u00edticas de Uso) del Sitio localizados en Loopian.com.ar.<\/p>\n<p>Por estas pol\u00edticas, la Empresa informa al Usuario que clase de informaci\u00f3n recolecta, como la almacena en sus bases, cual es la raz\u00f3n de dicho archivo, como la protege, cual es el alcance de su compromiso de confidencialidad y cu\u00e1les son los derechos del Usuario como titular de esta Informaci\u00f3n.<\/p>\n<p>Loopian \u00a0(en adelante la \u00abEmpresa\u00bb) toma muy en serio la privacidad y seguridad de sus Usuarios, unas de las mayores prioridades es respetar la\u00a0privacidad de sus Usuarios y procurar mantener segura la informaci\u00f3n y los datos personales que la Empresa recolecta a ra\u00edz de su utilizaci\u00f3n del Sistema (la\u00a0 \u00abInformaci\u00f3n\u00bb). Toda informaci\u00f3n es tratada en cumplimiento con la Ley de Protecci\u00f3n de Datos Personales.<\/p>\n<p>Loopian no comparte informaci\u00f3n con terceras empresas y utiliza los datos personales brindados voluntariamente por las personas con el solo fin de comunicar la informaci\u00f3n requerida por las mismas.<\/p>\n<p><strong>\u00bfC\u00f3mo eliminar su informaci\u00f3n de contacto de la base de datos de Loopian?<\/strong><\/p>\n<p>El procedimiento para lograr esto es sumamente sencillo, se debe enviar un email desde la cuenta de correo ingresada en la base de datos de loopian a la casilla de correo\u00a0<a href=\"mailto:info@loopian.com.ar\">info@loopian.com.ar<\/a>\u00a0con el asunto o tema de mensaje: \u00abRemover\u00bb. Esto causar\u00e1 la eliminaci\u00f3n de todo dato de contacto bajo esa cuenta de correo de manera inmediata.<\/p>\n<p><strong>\u00bfC\u00f3mo cambiar el email asociado?<\/strong><\/p>\n<p>El procedimiento para lograr esto es enviar un email desde la cuenta de correo ingresada en la base de datos de loopian a la casilla de correo\u00a0 <a href=\"mailto:info@loopian.com.ar\">info@loopian.com.ar<\/a>\u00a0con el asunto o tema de mensaje: \u00abCambio email\u00bb y dentro del cuerpo del mensaje deber\u00e1 contener la nueva casilla de correo a utilizar.<br \/> Esto causar\u00e1 inmediatamente el cambo de la casilla de correo del contacto con la actualizaci\u00f3n requerida.<\/p>\n<p>[\/et_pb_text][\/et_pb_column][\/et_pb_row][\/et_pb_section]<\/p>\n","protected":false},"excerpt":{"rendered":"<p>Pol\u00edticas de protecci\u00f3n Privacidad LoopianLa presente Pol\u00edtica de Privacidad y Seguridad forma parte de los T\u00e9rminos y Condiciones (L\u00edmites y Pol\u00edticas de Uso) del Sitio localizados en Loopian.com.ar.Por estas pol\u00edticas, la Empresa informa al Usuario que clase de informaci\u00f3n recolecta, como la almacena en sus bases, cual es la raz\u00f3n de dicho archivo, como la [&hellip;]<\/p>\n","protected":false},"author":6042,"featured_media":0,"parent":0,"menu_order":0,"comment_status":"open","ping_status":"closed","template":"","meta":{"_acf_changed":false,"_et_pb_use_builder":"on","_et_pb_old_content":"","_et_gb_content_width":"","footnotes":""},"class_list":["post-887","page","type-page","status-publish","hentry"],"acf":[],"yoast_head":"<!-- This site is optimized with the Yoast SEO plugin v27.0 - https:\/\/yoast.com\/product\/yoast-seo-wordpress\/ -->\n<title>Pol\u00edticas de protecci\u00f3n de privacidad - Loopian<\/title>\n<meta name=\"robots\" content=\"index, follow, max-snippet:-1, max-image-preview:large, max-video-preview:-1\" \/>\n<link rel=\"canonical\" href=\"https:\/\/www.loopian.com.ar\/inscripcion\/politicas\/\" \/>\n<meta name=\"twitter:label1\" content=\"Tiempo de lectura\" \/>\n\t<meta name=\"twitter:data1\" content=\"2 minutos\" \/>\n<script type=\"application\/ld+json\" class=\"yoast-schema-graph\">{\"@context\":\"https:\/\/schema.org\",\"@graph\":[{\"@type\":\"WebPage\",\"@id\":\"https:\/\/www.loopian.com.ar\/inscripcion\/politicas\/\",\"url\":\"https:\/\/www.loopian.com.ar\/inscripcion\/politicas\/\",\"name\":\"Pol\u00edticas de protecci\u00f3n de privacidad - Loopian\",\"isPartOf\":{\"@id\":\"https:\/\/www.loopian.com.ar\/inscripcion\/#website\"},\"datePublished\":\"2014-10-27T14:28:09+00:00\",\"dateModified\":\"2023-04-28T13:17:51+00:00\",\"breadcrumb\":{\"@id\":\"https:\/\/www.loopian.com.ar\/inscripcion\/politicas\/#breadcrumb\"},\"inLanguage\":\"es\",\"potentialAction\":[{\"@type\":\"ReadAction\",\"target\":[\"https:\/\/www.loopian.com.ar\/inscripcion\/politicas\/\"]}]},{\"@type\":\"BreadcrumbList\",\"@id\":\"https:\/\/www.loopian.com.ar\/inscripcion\/politicas\/#breadcrumb\",\"itemListElement\":[{\"@type\":\"ListItem\",\"position\":1,\"name\":\"Portada\",\"item\":\"https:\/\/www.loopian.com.ar\/inscripcion\/\"},{\"@type\":\"ListItem\",\"position\":2,\"name\":\"Pol\u00edticas de protecci\u00f3n de privacidad\"}]},{\"@type\":\"WebSite\",\"@id\":\"https:\/\/www.loopian.com.ar\/inscripcion\/#website\",\"url\":\"https:\/\/www.loopian.com.ar\/inscripcion\/\",\"name\":\"Loopian\",\"description\":\"Cursos a Distancia\",\"publisher\":{\"@id\":\"https:\/\/www.loopian.com.ar\/inscripcion\/#organization\"},\"potentialAction\":[{\"@type\":\"SearchAction\",\"target\":{\"@type\":\"EntryPoint\",\"urlTemplate\":\"https:\/\/www.loopian.com.ar\/inscripcion\/?s={search_term_string}\"},\"query-input\":{\"@type\":\"PropertyValueSpecification\",\"valueRequired\":true,\"valueName\":\"search_term_string\"}}],\"inLanguage\":\"es\"},{\"@type\":\"Organization\",\"@id\":\"https:\/\/www.loopian.com.ar\/inscripcion\/#organization\",\"name\":\"Loopian - Centro de Educaci\u00f3n a Distancia\",\"url\":\"https:\/\/www.loopian.com.ar\/inscripcion\/\",\"logo\":{\"@type\":\"ImageObject\",\"inLanguage\":\"es\",\"@id\":\"https:\/\/www.loopian.com.ar\/inscripcion\/#\/schema\/logo\/image\/\",\"url\":\"https:\/\/www.loopian.com.ar\/cursos\/wp-content\/uploads\/2014\/10\/Logo-300x76-e1415721729336.png\",\"contentUrl\":\"https:\/\/www.loopian.com.ar\/cursos\/wp-content\/uploads\/2014\/10\/Logo-300x76-e1415721729336.png\",\"width\":280,\"height\":71,\"caption\":\"Loopian - Centro de Educaci\u00f3n a Distancia\"},\"image\":{\"@id\":\"https:\/\/www.loopian.com.ar\/inscripcion\/#\/schema\/logo\/image\/\"},\"sameAs\":[\"http:\/\/www.loopian.com.ar\/loopian\"]}]}<\/script>\n<!-- \/ Yoast SEO plugin. -->","yoast_head_json":{"title":"Pol\u00edticas de protecci\u00f3n de privacidad - Loopian","robots":{"index":"index","follow":"follow","max-snippet":"max-snippet:-1","max-image-preview":"max-image-preview:large","max-video-preview":"max-video-preview:-1"},"canonical":"https:\/\/www.loopian.com.ar\/inscripcion\/politicas\/","twitter_misc":{"Tiempo de lectura":"2 minutos"},"schema":{"@context":"https:\/\/schema.org","@graph":[{"@type":"WebPage","@id":"https:\/\/www.loopian.com.ar\/inscripcion\/politicas\/","url":"https:\/\/www.loopian.com.ar\/inscripcion\/politicas\/","name":"Pol\u00edticas de protecci\u00f3n de privacidad - Loopian","isPartOf":{"@id":"https:\/\/www.loopian.com.ar\/inscripcion\/#website"},"datePublished":"2014-10-27T14:28:09+00:00","dateModified":"2023-04-28T13:17:51+00:00","breadcrumb":{"@id":"https:\/\/www.loopian.com.ar\/inscripcion\/politicas\/#breadcrumb"},"inLanguage":"es","potentialAction":[{"@type":"ReadAction","target":["https:\/\/www.loopian.com.ar\/inscripcion\/politicas\/"]}]},{"@type":"BreadcrumbList","@id":"https:\/\/www.loopian.com.ar\/inscripcion\/politicas\/#breadcrumb","itemListElement":[{"@type":"ListItem","position":1,"name":"Portada","item":"https:\/\/www.loopian.com.ar\/inscripcion\/"},{"@type":"ListItem","position":2,"name":"Pol\u00edticas de protecci\u00f3n de privacidad"}]},{"@type":"WebSite","@id":"https:\/\/www.loopian.com.ar\/inscripcion\/#website","url":"https:\/\/www.loopian.com.ar\/inscripcion\/","name":"Loopian","description":"Cursos a Distancia","publisher":{"@id":"https:\/\/www.loopian.com.ar\/inscripcion\/#organization"},"potentialAction":[{"@type":"SearchAction","target":{"@type":"EntryPoint","urlTemplate":"https:\/\/www.loopian.com.ar\/inscripcion\/?s={search_term_string}"},"query-input":{"@type":"PropertyValueSpecification","valueRequired":true,"valueName":"search_term_string"}}],"inLanguage":"es"},{"@type":"Organization","@id":"https:\/\/www.loopian.com.ar\/inscripcion\/#organization","name":"Loopian - Centro de Educaci\u00f3n a Distancia","url":"https:\/\/www.loopian.com.ar\/inscripcion\/","logo":{"@type":"ImageObject","inLanguage":"es","@id":"https:\/\/www.loopian.com.ar\/inscripcion\/#\/schema\/logo\/image\/","url":"https:\/\/www.loopian.com.ar\/cursos\/wp-content\/uploads\/2014\/10\/Logo-300x76-e1415721729336.png","contentUrl":"https:\/\/www.loopian.com.ar\/cursos\/wp-content\/uploads\/2014\/10\/Logo-300x76-e1415721729336.png","width":280,"height":71,"caption":"Loopian - Centro de Educaci\u00f3n a Distancia"},"image":{"@id":"https:\/\/www.loopian.com.ar\/inscripcion\/#\/schema\/logo\/image\/"},"sameAs":["http:\/\/www.loopian.com.ar\/loopian"]}]}},"_links":{"self":[{"href":"https:\/\/www.loopian.com.ar\/inscripcion\/wp-json\/wp\/v2\/pages\/887","targetHints":{"allow":["GET"]}}],"collection":[{"href":"https:\/\/www.loopian.com.ar\/inscripcion\/wp-json\/wp\/v2\/pages"}],"about":[{"href":"https:\/\/www.loopian.com.ar\/inscripcion\/wp-json\/wp\/v2\/types\/page"}],"author":[{"embeddable":true,"href":"https:\/\/www.loopian.com.ar\/inscripcion\/wp-json\/wp\/v2\/users\/6042"}],"replies":[{"embeddable":true,"href":"https:\/\/www.loopian.com.ar\/inscripcion\/wp-json\/wp\/v2\/comments?post=887"}],"version-history":[{"count":0,"href":"https:\/\/www.loopian.com.ar\/inscripcion\/wp-json\/wp\/v2\/pages\/887\/revisions"}],"wp:attachment":[{"href":"https:\/\/www.loopian.com.ar\/inscripcion\/wp-json\/wp\/v2\/media?parent=887"}],"curies":[{"name":"wp","href":"https:\/\/api.w.org\/{rel}","templated":true}]}}