{"id":121721,"date":"2020-07-12T21:10:09","date_gmt":"2020-07-13T00:10:09","guid":{"rendered":"https:\/\/www.loopian.com.ar\/cursos2020\/?post_type=product&#038;p=121721"},"modified":"2025-09-16T16:08:14","modified_gmt":"2025-09-16T19:08:14","slug":"acompanante-terapeutico","status":"publish","type":"product","link":"https:\/\/www.loopian.com.ar\/inscripcion\/curso\/acompanante-terapeutico\/","title":{"rendered":"Acompa\u00f1ante Terap\u00e9utico"},"content":{"rendered":"<h2><b>Objetivo<\/b><\/h2>\n<p><span style=\"font-weight: 400;\">Desarrollar las habilidades necesarias para ser la\/el mejor acompa\u00f1ante terap\u00e9utico a partir del conocimiento te\u00f3rico y adquisici\u00f3n de las herramientas necesarias que permitan solucionar situaciones concretas de manera efectiva durante el trabajo con adultos mayores.<\/span><\/p>\n<h2><b>Salida laboral\u00a0<\/b><\/h2>\n<p><span style=\"font-weight: 400;\">El curso est\u00e1 dirigido a aquellas personas que quieran desarrollar su actividad laboral por cuenta propia, o aspiran al \u00e1mbito de la salud p\u00fablica o privada para trabajar con adultos mayores. Ya sea en d<\/span><span style=\"font-weight: 400;\">omicilios particulares, geri\u00e1tricos, cl\u00ednicas de recuperaci\u00f3n, centros de d\u00eda, hogares, centros educativos terap\u00e9uticos, talleres laborales, etc.<\/span><\/p>\n<h2><b>Destinatarios y requisitos\u00a0<\/b><\/h2>\n<p><span style=\"font-weight: 400;\">P\u00fablico general que desee incorporarse a este campo de la salud, profesionales de \u00e1reas relacionadas que quieran profundizar conocimientos para el trabajo de esta etapa de la vida.\u00a0<\/span><\/p>\n<p><span style=\"font-weight: 400;\">A partir de los 17 a\u00f1os, sin l\u00edmite de edad. Se puede realizar desde una computadora de escritorios\/notebook, Tablet o celular.<\/span><\/p>\n<h2><b>Descripci\u00f3n<\/b><\/h2>\n<p><span style=\"font-weight: 400;\">El crecimiento de la poblaci\u00f3n de edad avanzada es uno de los cambios m\u00e1s importantes que ha ocurrido en los \u00faltimos tiempos. Lo que ha tra\u00eddo consigo el incremento en las necesidades de servicios de salud y atenci\u00f3n de pacientes tanto en domicilios particulares como en instituciones.<\/span><\/p>\n<p><span style=\"font-weight: 400;\">Como acompa\u00f1ante terap\u00e9utico estar\u00e1s formado para\u00a0promover la autonom\u00eda de la persona que asistes. Sus pilares fundamentales ser\u00e1n la capacidad para contener, apoyar, realizar actividades l\u00fadicas y recreativas. Ser\u00e1s el v\u00ednculo entre la persona, su familia y el contexto en el que vive.\u00a0<\/span>Para lograrlo aprender\u00e1s:<\/p>\n<ul>\n<li style=\"font-weight: 400;\" aria-level=\"1\"><span style=\"font-weight: 400;\">El Asistente Terap\u00e9utico \u2013 Salud y Enfermedad \u2013 Reinserci\u00f3n Laboral.<\/span><\/li>\n<li style=\"font-weight: 400;\" aria-level=\"1\"><span style=\"font-weight: 400;\">La importancia de la comunicaci\u00f3n \u2013 Relaci\u00f3n Cuidador \u2013 Paciente.<\/span><\/li>\n<li style=\"font-weight: 400;\" aria-level=\"1\"><span style=\"font-weight: 400;\">Cuidados de Elementos Perif\u00e9ricos.<\/span><\/li>\n<li style=\"font-weight: 400;\" aria-level=\"1\"><span style=\"font-weight: 400;\">Materiales para el traslado \u2013 Movilizaci\u00f3n del Paciente.<\/span><\/li>\n<li style=\"font-weight: 400;\" aria-level=\"1\"><span style=\"font-weight: 400;\">Signos Vitales \u2013 Prevenci\u00f3n de lesiones.<\/span><\/li>\n<li style=\"font-weight: 400;\" aria-level=\"1\"><span style=\"font-weight: 400;\">Etapas del Desarrollo Humano.<\/span><\/li>\n<li style=\"font-weight: 400;\" aria-level=\"1\"><span style=\"font-weight: 400;\">Fundamentos de los Cuidados del A.T.<\/span><\/li>\n<\/ul>\n<p>Para poder:<\/p>\n<ul>\n<li style=\"font-weight: 400;\" aria-level=\"1\"><span style=\"font-weight: 400;\">Trabajar sobre problemas especiales como trastornos del sue\u00f1o, depresi\u00f3n, incontinencia urinaria, irritabilidad.<\/span><\/li>\n<li style=\"font-weight: 400;\" aria-level=\"1\"><span style=\"font-weight: 400;\">Dominar recursos para el uso del tiempo libre como actividades f\u00edsicas, recreativas y socioculturales.<\/span><\/li>\n<li style=\"font-weight: 400;\" aria-level=\"1\"><span style=\"font-weight: 400;\">Promover el uso de las nuevas tecnolog\u00edas para el desarrollo de la persona que atiende.<\/span><\/li>\n<li style=\"font-weight: 400;\" aria-level=\"1\"><span style=\"font-weight: 400;\">Identificar situaciones de maltrato en el adulto mayor y describir las medidas de acci\u00f3n pertinente del acompa\u00f1ante terap\u00e9utico.<\/span><\/li>\n<li style=\"font-weight: 400;\" aria-level=\"1\"><span style=\"font-weight: 400;\">Exponer los fundamentos del adulto mayor como sujeto de derechos y la importancia de los buenos tratos.<\/span><\/li>\n<\/ul>\n","protected":false},"excerpt":{"rendered":"<p>Adquir\u00ed los conocimientos y herramientas necesarias para desarrollarte en este campo laboral tan solicitado y realizar el acompa\u00f1amiento de adultos mayores.<\/p>\n","protected":false},"featured_media":287509,"comment_status":"closed","ping_status":"closed","template":"","meta":{"_acf_changed":false,"_et_pb_use_builder":"off","_et_pb_old_content":"","_et_gb_content_width":""},"product_brand":[],"product_cat":[285,293,72],"product_tag":[],"class_list":{"0":"post-121721","1":"product","2":"type-product","3":"status-publish","4":"has-post-thumbnail","6":"product_cat-discontinuado","7":"product_cat-m4","8":"product_cat-salud","10":"first","11":"instock","12":"sold-individually","13":"shipping-taxable","14":"purchasable","15":"product-type-variable","16":"has-default-attributes"},"acf":[],"yoast_head":"<!-- This site is optimized with the Yoast SEO plugin v27.0 - https:\/\/yoast.com\/product\/yoast-seo-wordpress\/ -->\n<title>Acompa\u00f1ante Terap\u00e9utico - Loopian<\/title>\n<meta name=\"robots\" content=\"index, follow, max-snippet:-1, max-image-preview:large, max-video-preview:-1\" \/>\n<link rel=\"canonical\" href=\"https:\/\/www.loopian.com.ar\/inscripcion\/curso\/acompanante-terapeutico\/\" \/>\n<meta name=\"twitter:label1\" content=\"Tiempo de lectura\" \/>\n\t<meta name=\"twitter:data1\" content=\"2 minutos\" \/>\n<script type=\"application\/ld+json\" class=\"yoast-schema-graph\">{\"@context\":\"https:\/\/schema.org\",\"@graph\":[{\"@type\":\"WebPage\",\"@id\":\"https:\/\/www.loopian.com.ar\/inscripcion\/curso\/acompanante-terapeutico\/\",\"url\":\"https:\/\/www.loopian.com.ar\/inscripcion\/curso\/acompanante-terapeutico\/\",\"name\":\"Acompa\u00f1ante Terap\u00e9utico - Loopian\",\"isPartOf\":{\"@id\":\"https:\/\/www.loopian.com.ar\/inscripcion\/#website\"},\"primaryImageOfPage\":{\"@id\":\"https:\/\/www.loopian.com.ar\/inscripcion\/curso\/acompanante-terapeutico\/#primaryimage\"},\"image\":{\"@id\":\"https:\/\/www.loopian.com.ar\/inscripcion\/curso\/acompanante-terapeutico\/#primaryimage\"},\"thumbnailUrl\":\"https:\/\/www.loopian.com.ar\/inscripcion\/wp-content\/uploads\/2020\/07\/Acompanante-Terapeutico.png\",\"datePublished\":\"2020-07-13T00:10:09+00:00\",\"dateModified\":\"2025-09-16T19:08:14+00:00\",\"breadcrumb\":{\"@id\":\"https:\/\/www.loopian.com.ar\/inscripcion\/curso\/acompanante-terapeutico\/#breadcrumb\"},\"inLanguage\":\"es\",\"potentialAction\":[{\"@type\":\"ReadAction\",\"target\":[\"https:\/\/www.loopian.com.ar\/inscripcion\/curso\/acompanante-terapeutico\/\"]}]},{\"@type\":\"ImageObject\",\"inLanguage\":\"es\",\"@id\":\"https:\/\/www.loopian.com.ar\/inscripcion\/curso\/acompanante-terapeutico\/#primaryimage\",\"url\":\"https:\/\/www.loopian.com.ar\/inscripcion\/wp-content\/uploads\/2020\/07\/Acompanante-Terapeutico.png\",\"contentUrl\":\"https:\/\/www.loopian.com.ar\/inscripcion\/wp-content\/uploads\/2020\/07\/Acompanante-Terapeutico.png\",\"width\":600,\"height\":600},{\"@type\":\"BreadcrumbList\",\"@id\":\"https:\/\/www.loopian.com.ar\/inscripcion\/curso\/acompanante-terapeutico\/#breadcrumb\",\"itemListElement\":[{\"@type\":\"ListItem\",\"position\":1,\"name\":\"Portada\",\"item\":\"https:\/\/www.loopian.com.ar\/inscripcion\/\"},{\"@type\":\"ListItem\",\"position\":2,\"name\":\"Tienda\",\"item\":\"https:\/\/www.loopian.com.ar\/inscripcion\/tienda\/\"},{\"@type\":\"ListItem\",\"position\":3,\"name\":\"Acompa\u00f1ante Terap\u00e9utico\"}]},{\"@type\":\"WebSite\",\"@id\":\"https:\/\/www.loopian.com.ar\/inscripcion\/#website\",\"url\":\"https:\/\/www.loopian.com.ar\/inscripcion\/\",\"name\":\"Loopian\",\"description\":\"Cursos a Distancia\",\"publisher\":{\"@id\":\"https:\/\/www.loopian.com.ar\/inscripcion\/#organization\"},\"potentialAction\":[{\"@type\":\"SearchAction\",\"target\":{\"@type\":\"EntryPoint\",\"urlTemplate\":\"https:\/\/www.loopian.com.ar\/inscripcion\/?s={search_term_string}\"},\"query-input\":{\"@type\":\"PropertyValueSpecification\",\"valueRequired\":true,\"valueName\":\"search_term_string\"}}],\"inLanguage\":\"es\"},{\"@type\":\"Organization\",\"@id\":\"https:\/\/www.loopian.com.ar\/inscripcion\/#organization\",\"name\":\"Loopian - Centro de Educaci\u00f3n a Distancia\",\"url\":\"https:\/\/www.loopian.com.ar\/inscripcion\/\",\"logo\":{\"@type\":\"ImageObject\",\"inLanguage\":\"es\",\"@id\":\"https:\/\/www.loopian.com.ar\/inscripcion\/#\/schema\/logo\/image\/\",\"url\":\"https:\/\/www.loopian.com.ar\/cursos\/wp-content\/uploads\/2014\/10\/Logo-300x76-e1415721729336.png\",\"contentUrl\":\"https:\/\/www.loopian.com.ar\/cursos\/wp-content\/uploads\/2014\/10\/Logo-300x76-e1415721729336.png\",\"width\":280,\"height\":71,\"caption\":\"Loopian - Centro de Educaci\u00f3n a Distancia\"},\"image\":{\"@id\":\"https:\/\/www.loopian.com.ar\/inscripcion\/#\/schema\/logo\/image\/\"},\"sameAs\":[\"http:\/\/www.loopian.com.ar\/loopian\"]}]}<\/script>\n<!-- \/ Yoast SEO plugin. -->","yoast_head_json":{"title":"Acompa\u00f1ante Terap\u00e9utico - Loopian","robots":{"index":"index","follow":"follow","max-snippet":"max-snippet:-1","max-image-preview":"max-image-preview:large","max-video-preview":"max-video-preview:-1"},"canonical":"https:\/\/www.loopian.com.ar\/inscripcion\/curso\/acompanante-terapeutico\/","twitter_misc":{"Tiempo de lectura":"2 minutos"},"schema":{"@context":"https:\/\/schema.org","@graph":[{"@type":"WebPage","@id":"https:\/\/www.loopian.com.ar\/inscripcion\/curso\/acompanante-terapeutico\/","url":"https:\/\/www.loopian.com.ar\/inscripcion\/curso\/acompanante-terapeutico\/","name":"Acompa\u00f1ante Terap\u00e9utico - Loopian","isPartOf":{"@id":"https:\/\/www.loopian.com.ar\/inscripcion\/#website"},"primaryImageOfPage":{"@id":"https:\/\/www.loopian.com.ar\/inscripcion\/curso\/acompanante-terapeutico\/#primaryimage"},"image":{"@id":"https:\/\/www.loopian.com.ar\/inscripcion\/curso\/acompanante-terapeutico\/#primaryimage"},"thumbnailUrl":"https:\/\/www.loopian.com.ar\/inscripcion\/wp-content\/uploads\/2020\/07\/Acompanante-Terapeutico.png","datePublished":"2020-07-13T00:10:09+00:00","dateModified":"2025-09-16T19:08:14+00:00","breadcrumb":{"@id":"https:\/\/www.loopian.com.ar\/inscripcion\/curso\/acompanante-terapeutico\/#breadcrumb"},"inLanguage":"es","potentialAction":[{"@type":"ReadAction","target":["https:\/\/www.loopian.com.ar\/inscripcion\/curso\/acompanante-terapeutico\/"]}]},{"@type":"ImageObject","inLanguage":"es","@id":"https:\/\/www.loopian.com.ar\/inscripcion\/curso\/acompanante-terapeutico\/#primaryimage","url":"https:\/\/www.loopian.com.ar\/inscripcion\/wp-content\/uploads\/2020\/07\/Acompanante-Terapeutico.png","contentUrl":"https:\/\/www.loopian.com.ar\/inscripcion\/wp-content\/uploads\/2020\/07\/Acompanante-Terapeutico.png","width":600,"height":600},{"@type":"BreadcrumbList","@id":"https:\/\/www.loopian.com.ar\/inscripcion\/curso\/acompanante-terapeutico\/#breadcrumb","itemListElement":[{"@type":"ListItem","position":1,"name":"Portada","item":"https:\/\/www.loopian.com.ar\/inscripcion\/"},{"@type":"ListItem","position":2,"name":"Tienda","item":"https:\/\/www.loopian.com.ar\/inscripcion\/tienda\/"},{"@type":"ListItem","position":3,"name":"Acompa\u00f1ante Terap\u00e9utico"}]},{"@type":"WebSite","@id":"https:\/\/www.loopian.com.ar\/inscripcion\/#website","url":"https:\/\/www.loopian.com.ar\/inscripcion\/","name":"Loopian","description":"Cursos a Distancia","publisher":{"@id":"https:\/\/www.loopian.com.ar\/inscripcion\/#organization"},"potentialAction":[{"@type":"SearchAction","target":{"@type":"EntryPoint","urlTemplate":"https:\/\/www.loopian.com.ar\/inscripcion\/?s={search_term_string}"},"query-input":{"@type":"PropertyValueSpecification","valueRequired":true,"valueName":"search_term_string"}}],"inLanguage":"es"},{"@type":"Organization","@id":"https:\/\/www.loopian.com.ar\/inscripcion\/#organization","name":"Loopian - Centro de Educaci\u00f3n a Distancia","url":"https:\/\/www.loopian.com.ar\/inscripcion\/","logo":{"@type":"ImageObject","inLanguage":"es","@id":"https:\/\/www.loopian.com.ar\/inscripcion\/#\/schema\/logo\/image\/","url":"https:\/\/www.loopian.com.ar\/cursos\/wp-content\/uploads\/2014\/10\/Logo-300x76-e1415721729336.png","contentUrl":"https:\/\/www.loopian.com.ar\/cursos\/wp-content\/uploads\/2014\/10\/Logo-300x76-e1415721729336.png","width":280,"height":71,"caption":"Loopian - Centro de Educaci\u00f3n a Distancia"},"image":{"@id":"https:\/\/www.loopian.com.ar\/inscripcion\/#\/schema\/logo\/image\/"},"sameAs":["http:\/\/www.loopian.com.ar\/loopian"]}]}},"_links":{"self":[{"href":"https:\/\/www.loopian.com.ar\/inscripcion\/wp-json\/wp\/v2\/product\/121721","targetHints":{"allow":["GET"]}}],"collection":[{"href":"https:\/\/www.loopian.com.ar\/inscripcion\/wp-json\/wp\/v2\/product"}],"about":[{"href":"https:\/\/www.loopian.com.ar\/inscripcion\/wp-json\/wp\/v2\/types\/product"}],"replies":[{"embeddable":true,"href":"https:\/\/www.loopian.com.ar\/inscripcion\/wp-json\/wp\/v2\/comments?post=121721"}],"wp:featuredmedia":[{"embeddable":true,"href":"https:\/\/www.loopian.com.ar\/inscripcion\/wp-json\/wp\/v2\/media\/287509"}],"wp:attachment":[{"href":"https:\/\/www.loopian.com.ar\/inscripcion\/wp-json\/wp\/v2\/media?parent=121721"}],"wp:term":[{"taxonomy":"product_brand","embeddable":true,"href":"https:\/\/www.loopian.com.ar\/inscripcion\/wp-json\/wp\/v2\/product_brand?post=121721"},{"taxonomy":"product_cat","embeddable":true,"href":"https:\/\/www.loopian.com.ar\/inscripcion\/wp-json\/wp\/v2\/product_cat?post=121721"},{"taxonomy":"product_tag","embeddable":true,"href":"https:\/\/www.loopian.com.ar\/inscripcion\/wp-json\/wp\/v2\/product_tag?post=121721"}],"curies":[{"name":"wp","href":"https:\/\/api.w.org\/{rel}","templated":true}]}}