{"id":121734,"date":"2020-07-13T15:13:31","date_gmt":"2020-07-13T18:13:31","guid":{"rendered":"https:\/\/www.loopian.com.ar\/cursos2020\/?post_type=product&#038;p=121734"},"modified":"2025-09-16T16:08:14","modified_gmt":"2025-09-16T19:08:14","slug":"secretariado-medico","status":"publish","type":"product","link":"https:\/\/www.loopian.com.ar\/inscripcion\/curso\/secretariado-medico\/","title":{"rendered":"Secretariado M\u00e9dico"},"content":{"rendered":"<h2><strong>Objetivo<\/strong><\/h2>\n<p>Que el estudiante adquiera los conocimientos y herramientas necesarias para desempe\u00f1ar la atenci\u00f3n al paciente de manera organizada en centros de salud, no importa su dimensi\u00f3n.<\/p>\n<h2><strong>Salida laboral<\/strong><\/h2>\n<p>Te permite trabajar como auxiliar en al \u00e1rea administrativa en instituciones de salud p\u00fablica y privada o consultorios de diferentes pr\u00e1cticas profesionales.<\/p>\n<ul>\n<li>De un consultorio m\u00e9dico unipersonal donde tenga que organizar, controlar y derivar la atenci\u00f3n de los diferentes pacientes.<\/li>\n<li>De consultorios m\u00e9dicos de especialidades, donde la gesti\u00f3n de la atenci\u00f3n no depende de un m\u00e9dico, sino de un grupo de profesionales especialistas.<\/li>\n<li>De Instituciones de Salud organizadas en Servicios o Departamentos donde se realizan pr\u00e1cticas diagn\u00f3sticas y terap\u00e9uticas de diversa complejidad.<\/li>\n<\/ul>\n<h2><strong>Destinatarios y requisitos<\/strong><\/h2>\n<p>P\u00fablico en general que desee incorporarse en el \u00e1rea administrativa de salud, o que busca perfeccionarse para lograr movilidad interna. Se puede realizar desde una computadora, Tablet o celular a partir de los 17 a\u00f1os.<\/p>\n<h2><strong>Descripci\u00f3n <\/strong><\/h2>\n<p>Como secretario\/a m\u00e9dico ocuparas un puesto clave dentro de las instituciones de salud, por lo que es necesario que<\/p>\n<ul>\n<li>Adquieras una amplia visi\u00f3n del secretariado m\u00e9dico, de la organizaci\u00f3n de la salud y de los aspectos administrativos.<\/li>\n<li>Aprender\u00e1s el manejo de la agenda de citas \u2013 consultas, recibir y registrar los datos de los pacientes, controlar las existencias y participar en el archivo de documentaci\u00f3n cl\u00ednica.<\/li>\n<li>Obtengas conocimiento y habilidad para desarrollar esta tarea.<\/li>\n<li>Organices y resuelvas situaciones tanto administrativas como la relaci\u00f3n directa con el paciente.<\/li>\n<\/ul>\n<p>Para esto aprender\u00e1s:<\/p>\n<ul>\n<li>Organizaci\u00f3n y administraci\u00f3n del sector salud.<\/li>\n<li>Manejo de herramientas tecnol\u00f3gicas espec\u00edficas.<\/li>\n<li>Gesti\u00f3n de Obras Sociales.<\/li>\n<li>Atenci\u00f3n al usuario \/ Paciente.<\/li>\n<li>Cuerpo humano y lenguaje espec\u00edfico.<\/li>\n<\/ul>\n","protected":false},"excerpt":{"rendered":"<p>Ingresa como auxiliar en al \u00e1rea administrativa en una instituci\u00f3n de salud, f\u00f3rmate para ser el\/la mejor secretario\/a m\u00e9dico.<\/p>\n","protected":false},"featured_media":287688,"comment_status":"closed","ping_status":"closed","template":"","meta":{"_acf_changed":false,"_et_pb_use_builder":"off","_et_pb_old_content":"","_et_gb_content_width":""},"product_brand":[],"product_cat":[285,293,72],"product_tag":[],"class_list":{"0":"post-121734","1":"product","2":"type-product","3":"status-publish","4":"has-post-thumbnail","6":"product_cat-discontinuado","7":"product_cat-m4","8":"product_cat-salud","10":"first","11":"instock","12":"sold-individually","13":"shipping-taxable","14":"purchasable","15":"product-type-variable","16":"has-default-attributes"},"acf":[],"yoast_head":"<!-- This site is optimized with the Yoast SEO plugin v27.0 - https:\/\/yoast.com\/product\/yoast-seo-wordpress\/ -->\n<title>Secretariado M\u00e9dico - Loopian<\/title>\n<meta name=\"robots\" content=\"index, follow, max-snippet:-1, max-image-preview:large, max-video-preview:-1\" \/>\n<link rel=\"canonical\" href=\"https:\/\/www.loopian.com.ar\/inscripcion\/curso\/secretariado-medico\/\" \/>\n<meta name=\"twitter:label1\" content=\"Tiempo de lectura\" \/>\n\t<meta name=\"twitter:data1\" content=\"2 minutos\" \/>\n<script type=\"application\/ld+json\" class=\"yoast-schema-graph\">{\"@context\":\"https:\/\/schema.org\",\"@graph\":[{\"@type\":\"WebPage\",\"@id\":\"https:\/\/www.loopian.com.ar\/inscripcion\/curso\/secretariado-medico\/\",\"url\":\"https:\/\/www.loopian.com.ar\/inscripcion\/curso\/secretariado-medico\/\",\"name\":\"Secretariado M\u00e9dico - Loopian\",\"isPartOf\":{\"@id\":\"https:\/\/www.loopian.com.ar\/inscripcion\/#website\"},\"primaryImageOfPage\":{\"@id\":\"https:\/\/www.loopian.com.ar\/inscripcion\/curso\/secretariado-medico\/#primaryimage\"},\"image\":{\"@id\":\"https:\/\/www.loopian.com.ar\/inscripcion\/curso\/secretariado-medico\/#primaryimage\"},\"thumbnailUrl\":\"https:\/\/www.loopian.com.ar\/inscripcion\/wp-content\/uploads\/2020\/07\/Secretariado-Medico.png\",\"datePublished\":\"2020-07-13T18:13:31+00:00\",\"dateModified\":\"2025-09-16T19:08:14+00:00\",\"breadcrumb\":{\"@id\":\"https:\/\/www.loopian.com.ar\/inscripcion\/curso\/secretariado-medico\/#breadcrumb\"},\"inLanguage\":\"es\",\"potentialAction\":[{\"@type\":\"ReadAction\",\"target\":[\"https:\/\/www.loopian.com.ar\/inscripcion\/curso\/secretariado-medico\/\"]}]},{\"@type\":\"ImageObject\",\"inLanguage\":\"es\",\"@id\":\"https:\/\/www.loopian.com.ar\/inscripcion\/curso\/secretariado-medico\/#primaryimage\",\"url\":\"https:\/\/www.loopian.com.ar\/inscripcion\/wp-content\/uploads\/2020\/07\/Secretariado-Medico.png\",\"contentUrl\":\"https:\/\/www.loopian.com.ar\/inscripcion\/wp-content\/uploads\/2020\/07\/Secretariado-Medico.png\",\"width\":600,\"height\":600},{\"@type\":\"BreadcrumbList\",\"@id\":\"https:\/\/www.loopian.com.ar\/inscripcion\/curso\/secretariado-medico\/#breadcrumb\",\"itemListElement\":[{\"@type\":\"ListItem\",\"position\":1,\"name\":\"Portada\",\"item\":\"https:\/\/www.loopian.com.ar\/inscripcion\/\"},{\"@type\":\"ListItem\",\"position\":2,\"name\":\"Tienda\",\"item\":\"https:\/\/www.loopian.com.ar\/inscripcion\/tienda\/\"},{\"@type\":\"ListItem\",\"position\":3,\"name\":\"Secretariado M\u00e9dico\"}]},{\"@type\":\"WebSite\",\"@id\":\"https:\/\/www.loopian.com.ar\/inscripcion\/#website\",\"url\":\"https:\/\/www.loopian.com.ar\/inscripcion\/\",\"name\":\"Loopian\",\"description\":\"Cursos a Distancia\",\"publisher\":{\"@id\":\"https:\/\/www.loopian.com.ar\/inscripcion\/#organization\"},\"potentialAction\":[{\"@type\":\"SearchAction\",\"target\":{\"@type\":\"EntryPoint\",\"urlTemplate\":\"https:\/\/www.loopian.com.ar\/inscripcion\/?s={search_term_string}\"},\"query-input\":{\"@type\":\"PropertyValueSpecification\",\"valueRequired\":true,\"valueName\":\"search_term_string\"}}],\"inLanguage\":\"es\"},{\"@type\":\"Organization\",\"@id\":\"https:\/\/www.loopian.com.ar\/inscripcion\/#organization\",\"name\":\"Loopian - Centro de Educaci\u00f3n a Distancia\",\"url\":\"https:\/\/www.loopian.com.ar\/inscripcion\/\",\"logo\":{\"@type\":\"ImageObject\",\"inLanguage\":\"es\",\"@id\":\"https:\/\/www.loopian.com.ar\/inscripcion\/#\/schema\/logo\/image\/\",\"url\":\"https:\/\/www.loopian.com.ar\/cursos\/wp-content\/uploads\/2014\/10\/Logo-300x76-e1415721729336.png\",\"contentUrl\":\"https:\/\/www.loopian.com.ar\/cursos\/wp-content\/uploads\/2014\/10\/Logo-300x76-e1415721729336.png\",\"width\":280,\"height\":71,\"caption\":\"Loopian - Centro de Educaci\u00f3n a Distancia\"},\"image\":{\"@id\":\"https:\/\/www.loopian.com.ar\/inscripcion\/#\/schema\/logo\/image\/\"},\"sameAs\":[\"http:\/\/www.loopian.com.ar\/loopian\"]}]}<\/script>\n<!-- \/ Yoast SEO plugin. -->","yoast_head_json":{"title":"Secretariado M\u00e9dico - Loopian","robots":{"index":"index","follow":"follow","max-snippet":"max-snippet:-1","max-image-preview":"max-image-preview:large","max-video-preview":"max-video-preview:-1"},"canonical":"https:\/\/www.loopian.com.ar\/inscripcion\/curso\/secretariado-medico\/","twitter_misc":{"Tiempo de lectura":"2 minutos"},"schema":{"@context":"https:\/\/schema.org","@graph":[{"@type":"WebPage","@id":"https:\/\/www.loopian.com.ar\/inscripcion\/curso\/secretariado-medico\/","url":"https:\/\/www.loopian.com.ar\/inscripcion\/curso\/secretariado-medico\/","name":"Secretariado M\u00e9dico - Loopian","isPartOf":{"@id":"https:\/\/www.loopian.com.ar\/inscripcion\/#website"},"primaryImageOfPage":{"@id":"https:\/\/www.loopian.com.ar\/inscripcion\/curso\/secretariado-medico\/#primaryimage"},"image":{"@id":"https:\/\/www.loopian.com.ar\/inscripcion\/curso\/secretariado-medico\/#primaryimage"},"thumbnailUrl":"https:\/\/www.loopian.com.ar\/inscripcion\/wp-content\/uploads\/2020\/07\/Secretariado-Medico.png","datePublished":"2020-07-13T18:13:31+00:00","dateModified":"2025-09-16T19:08:14+00:00","breadcrumb":{"@id":"https:\/\/www.loopian.com.ar\/inscripcion\/curso\/secretariado-medico\/#breadcrumb"},"inLanguage":"es","potentialAction":[{"@type":"ReadAction","target":["https:\/\/www.loopian.com.ar\/inscripcion\/curso\/secretariado-medico\/"]}]},{"@type":"ImageObject","inLanguage":"es","@id":"https:\/\/www.loopian.com.ar\/inscripcion\/curso\/secretariado-medico\/#primaryimage","url":"https:\/\/www.loopian.com.ar\/inscripcion\/wp-content\/uploads\/2020\/07\/Secretariado-Medico.png","contentUrl":"https:\/\/www.loopian.com.ar\/inscripcion\/wp-content\/uploads\/2020\/07\/Secretariado-Medico.png","width":600,"height":600},{"@type":"BreadcrumbList","@id":"https:\/\/www.loopian.com.ar\/inscripcion\/curso\/secretariado-medico\/#breadcrumb","itemListElement":[{"@type":"ListItem","position":1,"name":"Portada","item":"https:\/\/www.loopian.com.ar\/inscripcion\/"},{"@type":"ListItem","position":2,"name":"Tienda","item":"https:\/\/www.loopian.com.ar\/inscripcion\/tienda\/"},{"@type":"ListItem","position":3,"name":"Secretariado M\u00e9dico"}]},{"@type":"WebSite","@id":"https:\/\/www.loopian.com.ar\/inscripcion\/#website","url":"https:\/\/www.loopian.com.ar\/inscripcion\/","name":"Loopian","description":"Cursos a Distancia","publisher":{"@id":"https:\/\/www.loopian.com.ar\/inscripcion\/#organization"},"potentialAction":[{"@type":"SearchAction","target":{"@type":"EntryPoint","urlTemplate":"https:\/\/www.loopian.com.ar\/inscripcion\/?s={search_term_string}"},"query-input":{"@type":"PropertyValueSpecification","valueRequired":true,"valueName":"search_term_string"}}],"inLanguage":"es"},{"@type":"Organization","@id":"https:\/\/www.loopian.com.ar\/inscripcion\/#organization","name":"Loopian - Centro de Educaci\u00f3n a Distancia","url":"https:\/\/www.loopian.com.ar\/inscripcion\/","logo":{"@type":"ImageObject","inLanguage":"es","@id":"https:\/\/www.loopian.com.ar\/inscripcion\/#\/schema\/logo\/image\/","url":"https:\/\/www.loopian.com.ar\/cursos\/wp-content\/uploads\/2014\/10\/Logo-300x76-e1415721729336.png","contentUrl":"https:\/\/www.loopian.com.ar\/cursos\/wp-content\/uploads\/2014\/10\/Logo-300x76-e1415721729336.png","width":280,"height":71,"caption":"Loopian - Centro de Educaci\u00f3n a Distancia"},"image":{"@id":"https:\/\/www.loopian.com.ar\/inscripcion\/#\/schema\/logo\/image\/"},"sameAs":["http:\/\/www.loopian.com.ar\/loopian"]}]}},"_links":{"self":[{"href":"https:\/\/www.loopian.com.ar\/inscripcion\/wp-json\/wp\/v2\/product\/121734","targetHints":{"allow":["GET"]}}],"collection":[{"href":"https:\/\/www.loopian.com.ar\/inscripcion\/wp-json\/wp\/v2\/product"}],"about":[{"href":"https:\/\/www.loopian.com.ar\/inscripcion\/wp-json\/wp\/v2\/types\/product"}],"replies":[{"embeddable":true,"href":"https:\/\/www.loopian.com.ar\/inscripcion\/wp-json\/wp\/v2\/comments?post=121734"}],"wp:featuredmedia":[{"embeddable":true,"href":"https:\/\/www.loopian.com.ar\/inscripcion\/wp-json\/wp\/v2\/media\/287688"}],"wp:attachment":[{"href":"https:\/\/www.loopian.com.ar\/inscripcion\/wp-json\/wp\/v2\/media?parent=121734"}],"wp:term":[{"taxonomy":"product_brand","embeddable":true,"href":"https:\/\/www.loopian.com.ar\/inscripcion\/wp-json\/wp\/v2\/product_brand?post=121734"},{"taxonomy":"product_cat","embeddable":true,"href":"https:\/\/www.loopian.com.ar\/inscripcion\/wp-json\/wp\/v2\/product_cat?post=121734"},{"taxonomy":"product_tag","embeddable":true,"href":"https:\/\/www.loopian.com.ar\/inscripcion\/wp-json\/wp\/v2\/product_tag?post=121734"}],"curies":[{"name":"wp","href":"https:\/\/api.w.org\/{rel}","templated":true}]}}