{"id":121744,"date":"2020-07-13T15:32:45","date_gmt":"2020-07-13T18:32:45","guid":{"rendered":"https:\/\/www.loopian.com.ar\/cursos2020\/?post_type=product&#038;p=121744"},"modified":"2026-02-12T11:36:46","modified_gmt":"2026-02-12T14:36:46","slug":"estimulacion-temprana-old","status":"publish","type":"product","link":"https:\/\/www.loopian.com.ar\/inscripcion\/curso\/estimulacion-temprana-old\/","title":{"rendered":"Estimulaci\u00f3n Temprana"},"content":{"rendered":"<h2><strong>Objetivo<\/strong><\/h2>\n<p>Adquirir los conocimientos y herramientas necesarias para poder llevar a cabo la educaci\u00f3n temprana para potenciar las capacidades y habilidades innatas y adquiridas de todo ni\u00f1o o ni\u00f1a.<\/p>\n<h2><strong>Salida laboral<\/strong><\/h2>\n<p>Auxiliar o asistente en centros de rehabilitaci\u00f3n, jardines\/guarder\u00edas, salas maternales.<\/p>\n<h2><strong>Destinatarios y requisitos<\/strong><\/h2>\n<p>P\u00fablico en general que desee incorporarse en esta \u00e1rea de la salud integral. Profesionales y\/o estudiantes de psicomotricidad, kinesi\u00f3logos, pediatras, docentes de nivel inicial, profesores de educaci\u00f3n f\u00edsica, fisiatras, entre otros, que deseen reforzar conocimientos y resolver casos que se les presenten. A partir de los 17 a\u00f1os, podr\u00e1s realizarlo desde una computadora, Tablet o celular conectada\/o a internet.<\/p>\n<h2><strong>Descripci\u00f3n <\/strong><\/h2>\n<p>La<strong> Estimulaci\u00f3n Temprana es una t\u00e9cnica que se emplea en ni\u00f1os para potenciar las capacidades y habilidades innatas y adquiridas<\/strong>. Se trabaja a partir de los 45 d\u00edas del nacimiento. La necesidad de la estimulaci\u00f3n <strong>como gu\u00eda para acompa\u00f1ar al ni\u00f1o en su proceso de maduraci\u00f3n y aprendizaje durante sus diferentes etapas de crecimiento<\/strong>, es indudable, para que los ni\u00f1os logren demostrar sus capacidades, habilidades y destrezas y as\u00ed puedan lleguen a ser ni\u00f1os competentes, participativos, activos y con un desarrollo integral, para lograr enfrentar las diferentes situaciones de su vida y los diferentes \u00e1mbitos en los que se desenvuelvan.<\/p>\n","protected":false},"excerpt":{"rendered":"<p>Formate para realizar la educaci\u00f3n temprana de los m\u00e1s chicos realizando una correcta gu\u00eda para lograr, en el ni\u00f1o, el progreso y aprendizaje durante sus diferentes etapas de crecimiento.<\/p>\n","protected":false},"featured_media":287577,"comment_status":"closed","ping_status":"closed","template":"","meta":{"_acf_changed":false,"_et_pb_use_builder":"off","_et_pb_old_content":"El ser humano desde su concepci\u00f3n est\u00e1 sujeto a experiencias que le permiten aprender; dicho proceso le permite desarrollarse de una mejor manera ante el mundo que le rodea. Aprender es un proceso que inicia en el vientre de la madre, con los primeros est\u00edmulos que \u00e9l bebe recibe del mundo exterior. Al nacer el ni\u00f1o es dependiente de sus padres; lo que ellos le ense\u00f1en marcar\u00e1 su personalidad y su forma de desenvolverse ante la sociedad, de esta cuenta se dice que los padres son los primeros maestros de sus hijos, en otros casos que son el reflejo de sus padres.\r\n\r\nLa estimulaci\u00f3n temprana juega un papel muy importante en esos primeros a\u00f1os de vida, porque en esta etapa se desarrollan y maduran capacidades esenciales como: el \u00e1rea del lenguaje, sensorial, f\u00edsica y psicol\u00f3gica; este proceso puede iniciarse desde los 45 d\u00edas despu\u00e9s del nacimiento con un programa adecuado de estimulaci\u00f3n. Las actividades que se generan con los peque\u00f1os inician con una serie de juegos y ejercicios que se desarrollar\u00e1n en un ambiente adecuado y preciso para cada edad.\r\n<h2 style=\"margin-top: 20px;margin-bottom: 20px\"><strong>Objetivos<\/strong> del Curso<\/h2>\r\n<ul>\r\n \t<li>Describir nociones b\u00e1sicas sobre la Estimulaci\u00f3n Temprana y su importancia.<\/li>\r\n \t<li>Identificar las pautas del desarrollo global del ni\u00f1o de 0 \u2013 6 a\u00f1os.<\/li>\r\n \t<li>Aplicar diferentes estrategias para interactuar con el ni\u00f1o.<\/li>\r\n \t<li>Reconocer las necesidades del ni\u00f1o de acuerdo a su edad y capacidad para as\u00ed proponer un tipo de juego espec\u00edfico.<\/li>\r\n \t<li>Diferenciar los posibles trastornos que un ni\u00f1o puede presentar.<\/li>\r\n<\/ul>\r\n<h2 style=\"margin-top: 20px;margin-bottom: 20px\"><strong>El curso<\/strong> esta destinado a:<\/h2>\r\n<ul>\r\n \t<li>Todas las personas interesadas en introducirse en el campo de educaci\u00f3n temprana.<\/li>\r\n \t<li>Todas las personas interesadas la Atenci\u00f3n y cuidado de ni\u00f1os en al \u00e1mbito p\u00fablico o privado.<\/li>\r\n \t<li>Psicomotricistas, Kinesi\u00f3logos, Pediatras, Docentes de nivel inicial, Profesores de Educaci\u00f3n F\u00edsica, Fisiatras, etc. que deseen reforzar conocimientos y resolver casos que se les presenten.<\/li>\r\n<\/ul>\r\n<h2 style=\"margin-top: 20px;margin-bottom: 20px\">\u00bf<strong>Donde<\/strong> Trabajar?<\/h2>\r\n<ul>\r\n \t<li>En la atenci\u00f3n y cuidado de ni\u00f1os en al \u00e1mbito p\u00fablico o privado.<\/li>\r\n \t<li>Realizando trabajo articulado con padres de ni\u00f1os con capacidades diferentes.<\/li>\r\n<\/ul>","_et_gb_content_width":""},"product_brand":[],"product_cat":[285,293,72],"product_tag":[],"class_list":{"0":"post-121744","1":"product","2":"type-product","3":"status-publish","4":"has-post-thumbnail","6":"product_cat-discontinuado","7":"product_cat-m4","8":"product_cat-salud","10":"first","11":"instock","12":"sold-individually","13":"shipping-taxable","14":"purchasable","15":"product-type-variable","16":"has-default-attributes"},"acf":[],"yoast_head":"<!-- This site is optimized with the Yoast SEO plugin v27.0 - https:\/\/yoast.com\/product\/yoast-seo-wordpress\/ -->\n<title>Estimulaci\u00f3n Temprana - Loopian<\/title>\n<meta name=\"robots\" content=\"index, follow, max-snippet:-1, max-image-preview:large, max-video-preview:-1\" \/>\n<link rel=\"canonical\" href=\"https:\/\/www.loopian.com.ar\/inscripcion\/curso\/estimulacion-temprana\/\" \/>\n<meta name=\"twitter:label1\" content=\"Tiempo de lectura\" \/>\n\t<meta name=\"twitter:data1\" content=\"2 minutos\" \/>\n<script type=\"application\/ld+json\" class=\"yoast-schema-graph\">{\"@context\":\"https:\/\/schema.org\",\"@graph\":[{\"@type\":\"WebPage\",\"@id\":\"https:\/\/www.loopian.com.ar\/inscripcion\/curso\/estimulacion-temprana\/\",\"url\":\"https:\/\/www.loopian.com.ar\/inscripcion\/curso\/estimulacion-temprana\/\",\"name\":\"Estimulaci\u00f3n Temprana - Loopian\",\"isPartOf\":{\"@id\":\"https:\/\/www.loopian.com.ar\/inscripcion\/#website\"},\"primaryImageOfPage\":{\"@id\":\"https:\/\/www.loopian.com.ar\/inscripcion\/curso\/estimulacion-temprana\/#primaryimage\"},\"image\":{\"@id\":\"https:\/\/www.loopian.com.ar\/inscripcion\/curso\/estimulacion-temprana\/#primaryimage\"},\"thumbnailUrl\":\"https:\/\/www.loopian.com.ar\/inscripcion\/wp-content\/uploads\/2020\/07\/Estimulacion-Temprana.png\",\"datePublished\":\"2020-07-13T18:32:45+00:00\",\"dateModified\":\"2026-02-12T14:36:46+00:00\",\"breadcrumb\":{\"@id\":\"https:\/\/www.loopian.com.ar\/inscripcion\/curso\/estimulacion-temprana\/#breadcrumb\"},\"inLanguage\":\"es\",\"potentialAction\":[{\"@type\":\"ReadAction\",\"target\":[\"https:\/\/www.loopian.com.ar\/inscripcion\/curso\/estimulacion-temprana\/\"]}]},{\"@type\":\"ImageObject\",\"inLanguage\":\"es\",\"@id\":\"https:\/\/www.loopian.com.ar\/inscripcion\/curso\/estimulacion-temprana\/#primaryimage\",\"url\":\"https:\/\/www.loopian.com.ar\/inscripcion\/wp-content\/uploads\/2020\/07\/Estimulacion-Temprana.png\",\"contentUrl\":\"https:\/\/www.loopian.com.ar\/inscripcion\/wp-content\/uploads\/2020\/07\/Estimulacion-Temprana.png\",\"width\":600,\"height\":600},{\"@type\":\"BreadcrumbList\",\"@id\":\"https:\/\/www.loopian.com.ar\/inscripcion\/curso\/estimulacion-temprana\/#breadcrumb\",\"itemListElement\":[{\"@type\":\"ListItem\",\"position\":1,\"name\":\"Portada\",\"item\":\"https:\/\/www.loopian.com.ar\/inscripcion\/\"},{\"@type\":\"ListItem\",\"position\":2,\"name\":\"Tienda\",\"item\":\"https:\/\/www.loopian.com.ar\/inscripcion\/tienda\/\"},{\"@type\":\"ListItem\",\"position\":3,\"name\":\"Estimulaci\u00f3n Temprana\"}]},{\"@type\":\"WebSite\",\"@id\":\"https:\/\/www.loopian.com.ar\/inscripcion\/#website\",\"url\":\"https:\/\/www.loopian.com.ar\/inscripcion\/\",\"name\":\"Loopian\",\"description\":\"Cursos a Distancia\",\"publisher\":{\"@id\":\"https:\/\/www.loopian.com.ar\/inscripcion\/#organization\"},\"potentialAction\":[{\"@type\":\"SearchAction\",\"target\":{\"@type\":\"EntryPoint\",\"urlTemplate\":\"https:\/\/www.loopian.com.ar\/inscripcion\/?s={search_term_string}\"},\"query-input\":{\"@type\":\"PropertyValueSpecification\",\"valueRequired\":true,\"valueName\":\"search_term_string\"}}],\"inLanguage\":\"es\"},{\"@type\":\"Organization\",\"@id\":\"https:\/\/www.loopian.com.ar\/inscripcion\/#organization\",\"name\":\"Loopian - Centro de Educaci\u00f3n a Distancia\",\"url\":\"https:\/\/www.loopian.com.ar\/inscripcion\/\",\"logo\":{\"@type\":\"ImageObject\",\"inLanguage\":\"es\",\"@id\":\"https:\/\/www.loopian.com.ar\/inscripcion\/#\/schema\/logo\/image\/\",\"url\":\"https:\/\/www.loopian.com.ar\/cursos\/wp-content\/uploads\/2014\/10\/Logo-300x76-e1415721729336.png\",\"contentUrl\":\"https:\/\/www.loopian.com.ar\/cursos\/wp-content\/uploads\/2014\/10\/Logo-300x76-e1415721729336.png\",\"width\":280,\"height\":71,\"caption\":\"Loopian - Centro de Educaci\u00f3n a Distancia\"},\"image\":{\"@id\":\"https:\/\/www.loopian.com.ar\/inscripcion\/#\/schema\/logo\/image\/\"},\"sameAs\":[\"http:\/\/www.loopian.com.ar\/loopian\"]}]}<\/script>\n<!-- \/ Yoast SEO plugin. -->","yoast_head_json":{"title":"Estimulaci\u00f3n Temprana - Loopian","robots":{"index":"index","follow":"follow","max-snippet":"max-snippet:-1","max-image-preview":"max-image-preview:large","max-video-preview":"max-video-preview:-1"},"canonical":"https:\/\/www.loopian.com.ar\/inscripcion\/curso\/estimulacion-temprana\/","twitter_misc":{"Tiempo de lectura":"2 minutos"},"schema":{"@context":"https:\/\/schema.org","@graph":[{"@type":"WebPage","@id":"https:\/\/www.loopian.com.ar\/inscripcion\/curso\/estimulacion-temprana\/","url":"https:\/\/www.loopian.com.ar\/inscripcion\/curso\/estimulacion-temprana\/","name":"Estimulaci\u00f3n Temprana - Loopian","isPartOf":{"@id":"https:\/\/www.loopian.com.ar\/inscripcion\/#website"},"primaryImageOfPage":{"@id":"https:\/\/www.loopian.com.ar\/inscripcion\/curso\/estimulacion-temprana\/#primaryimage"},"image":{"@id":"https:\/\/www.loopian.com.ar\/inscripcion\/curso\/estimulacion-temprana\/#primaryimage"},"thumbnailUrl":"https:\/\/www.loopian.com.ar\/inscripcion\/wp-content\/uploads\/2020\/07\/Estimulacion-Temprana.png","datePublished":"2020-07-13T18:32:45+00:00","dateModified":"2026-02-12T14:36:46+00:00","breadcrumb":{"@id":"https:\/\/www.loopian.com.ar\/inscripcion\/curso\/estimulacion-temprana\/#breadcrumb"},"inLanguage":"es","potentialAction":[{"@type":"ReadAction","target":["https:\/\/www.loopian.com.ar\/inscripcion\/curso\/estimulacion-temprana\/"]}]},{"@type":"ImageObject","inLanguage":"es","@id":"https:\/\/www.loopian.com.ar\/inscripcion\/curso\/estimulacion-temprana\/#primaryimage","url":"https:\/\/www.loopian.com.ar\/inscripcion\/wp-content\/uploads\/2020\/07\/Estimulacion-Temprana.png","contentUrl":"https:\/\/www.loopian.com.ar\/inscripcion\/wp-content\/uploads\/2020\/07\/Estimulacion-Temprana.png","width":600,"height":600},{"@type":"BreadcrumbList","@id":"https:\/\/www.loopian.com.ar\/inscripcion\/curso\/estimulacion-temprana\/#breadcrumb","itemListElement":[{"@type":"ListItem","position":1,"name":"Portada","item":"https:\/\/www.loopian.com.ar\/inscripcion\/"},{"@type":"ListItem","position":2,"name":"Tienda","item":"https:\/\/www.loopian.com.ar\/inscripcion\/tienda\/"},{"@type":"ListItem","position":3,"name":"Estimulaci\u00f3n Temprana"}]},{"@type":"WebSite","@id":"https:\/\/www.loopian.com.ar\/inscripcion\/#website","url":"https:\/\/www.loopian.com.ar\/inscripcion\/","name":"Loopian","description":"Cursos a Distancia","publisher":{"@id":"https:\/\/www.loopian.com.ar\/inscripcion\/#organization"},"potentialAction":[{"@type":"SearchAction","target":{"@type":"EntryPoint","urlTemplate":"https:\/\/www.loopian.com.ar\/inscripcion\/?s={search_term_string}"},"query-input":{"@type":"PropertyValueSpecification","valueRequired":true,"valueName":"search_term_string"}}],"inLanguage":"es"},{"@type":"Organization","@id":"https:\/\/www.loopian.com.ar\/inscripcion\/#organization","name":"Loopian - Centro de Educaci\u00f3n a Distancia","url":"https:\/\/www.loopian.com.ar\/inscripcion\/","logo":{"@type":"ImageObject","inLanguage":"es","@id":"https:\/\/www.loopian.com.ar\/inscripcion\/#\/schema\/logo\/image\/","url":"https:\/\/www.loopian.com.ar\/cursos\/wp-content\/uploads\/2014\/10\/Logo-300x76-e1415721729336.png","contentUrl":"https:\/\/www.loopian.com.ar\/cursos\/wp-content\/uploads\/2014\/10\/Logo-300x76-e1415721729336.png","width":280,"height":71,"caption":"Loopian - Centro de Educaci\u00f3n a Distancia"},"image":{"@id":"https:\/\/www.loopian.com.ar\/inscripcion\/#\/schema\/logo\/image\/"},"sameAs":["http:\/\/www.loopian.com.ar\/loopian"]}]}},"_links":{"self":[{"href":"https:\/\/www.loopian.com.ar\/inscripcion\/wp-json\/wp\/v2\/product\/121744","targetHints":{"allow":["GET"]}}],"collection":[{"href":"https:\/\/www.loopian.com.ar\/inscripcion\/wp-json\/wp\/v2\/product"}],"about":[{"href":"https:\/\/www.loopian.com.ar\/inscripcion\/wp-json\/wp\/v2\/types\/product"}],"replies":[{"embeddable":true,"href":"https:\/\/www.loopian.com.ar\/inscripcion\/wp-json\/wp\/v2\/comments?post=121744"}],"wp:featuredmedia":[{"embeddable":true,"href":"https:\/\/www.loopian.com.ar\/inscripcion\/wp-json\/wp\/v2\/media\/287577"}],"wp:attachment":[{"href":"https:\/\/www.loopian.com.ar\/inscripcion\/wp-json\/wp\/v2\/media?parent=121744"}],"wp:term":[{"taxonomy":"product_brand","embeddable":true,"href":"https:\/\/www.loopian.com.ar\/inscripcion\/wp-json\/wp\/v2\/product_brand?post=121744"},{"taxonomy":"product_cat","embeddable":true,"href":"https:\/\/www.loopian.com.ar\/inscripcion\/wp-json\/wp\/v2\/product_cat?post=121744"},{"taxonomy":"product_tag","embeddable":true,"href":"https:\/\/www.loopian.com.ar\/inscripcion\/wp-json\/wp\/v2\/product_tag?post=121744"}],"curies":[{"name":"wp","href":"https:\/\/api.w.org\/{rel}","templated":true}]}}