{"id":298203,"date":"2026-03-01T21:40:36","date_gmt":"2026-03-02T00:40:36","guid":{"rendered":"https:\/\/www.loopian.com.ar\/inscripcion\/curso\/tanatologia-duelo-y-ceremonial-exequial\/"},"modified":"2026-03-01T21:40:36","modified_gmt":"2026-03-02T00:40:36","slug":"tanatologia-duelo-y-ceremonial-exequial","status":"publish","type":"product","link":"https:\/\/www.loopian.com.ar\/inscripcion\/curso\/tanatologia-duelo-y-ceremonial-exequial\/","title":{"rendered":"Tanatolog\u00eda: Duelo y Ceremonial Exequial"},"content":{"rendered":"<h2>Objetivo del curso<\/h2>\n<p>Al finalizar este curso, el estudiante podr\u00e1 comprender los fundamentos de la tanatolog\u00eda, identificar y acompa\u00f1ar distintos tipos de duelo con herramientas profesionales, conocer el ceremonial exequial y los ritos funerarios de diversas tradiciones, aplicar nociones de tanatopraxia y bioseguridad, y gestionar emprendimientos funerarios con conocimiento del marco legal argentino.<\/p>\n<h2>Posibilidades Laborales<\/h2>\n<p>Asistente en empresas funerarias, acompa\u00f1ante de duelos, asistente en cuidados paliativos, gestor de ceremonias y homenajes, director funeral, consultor en tanatolog\u00eda para instituciones de salud y educaci\u00f3n. Trabaj\u00e1 en funerarias, hospitales, geri\u00e1tricos, organizaciones de salud mental o como profesional independiente.<\/p>\n<h2>Destinatarios y Requisitos<\/h2>\n<p>Profesionales de la salud, psicolog\u00eda, trabajo social, personas vinculadas al sector funerario, educadores, l\u00edderes comunitarios y toda persona interesada en formarse en acompa\u00f1amiento al final de la vida. No se requieren conocimientos previos espec\u00edficos.<\/p>\n<h2>Descripci\u00f3n<\/h2>\n<p>Curso 100% online de 30 lecciones organizadas en 6 unidades, con actividades integradoras en cada m\u00f3dulo. Abord\u00e1 desde la psicolog\u00eda del duelo y el acompa\u00f1amiento al paciente terminal, hasta el ceremonial exequial, la tanatopraxia y la gesti\u00f3n de empresas funerarias. Formaci\u00f3n actualizada con marco legal argentino vigente.<\/p>\n","protected":false},"excerpt":{"rendered":"<p>Curso online de Tanatolog\u00eda. Psicolog\u00eda del duelo, ceremonial exequial, tanatopraxia y gesti\u00f3n funeraria. 30 lecciones con certificado digital. 100% online.<\/p>\n","protected":false},"featured_media":298204,"comment_status":"open","ping_status":"closed","template":"","meta":{"_acf_changed":false,"_et_pb_use_builder":"","_et_pb_old_content":"","_et_gb_content_width":""},"product_brand":[],"product_cat":[72],"product_tag":[],"class_list":{"0":"post-298203","1":"product","2":"type-product","3":"status-publish","4":"has-post-thumbnail","6":"product_cat-salud","8":"first","9":"instock","10":"downloadable","11":"virtual","12":"sold-individually","13":"purchasable","14":"product-type-simple"},"acf":[],"yoast_head":"<!-- This site is optimized with the Yoast SEO plugin v27.0 - https:\/\/yoast.com\/product\/yoast-seo-wordpress\/ -->\n<title>Tanatolog\u00eda: Duelo y Ceremonial Exequial - Loopian<\/title>\n<meta name=\"robots\" content=\"index, follow, max-snippet:-1, max-image-preview:large, max-video-preview:-1\" \/>\n<link rel=\"canonical\" href=\"https:\/\/www.loopian.com.ar\/inscripcion\/curso\/tanatologia-duelo-y-ceremonial-exequial\/\" \/>\n<meta name=\"twitter:label1\" content=\"Tiempo de lectura\" \/>\n\t<meta name=\"twitter:data1\" content=\"1 minuto\" \/>\n<script type=\"application\/ld+json\" class=\"yoast-schema-graph\">{\"@context\":\"https:\/\/schema.org\",\"@graph\":[{\"@type\":\"WebPage\",\"@id\":\"https:\/\/www.loopian.com.ar\/inscripcion\/curso\/tanatologia-duelo-y-ceremonial-exequial\/\",\"url\":\"https:\/\/www.loopian.com.ar\/inscripcion\/curso\/tanatologia-duelo-y-ceremonial-exequial\/\",\"name\":\"Tanatolog\u00eda: Duelo y Ceremonial Exequial - Loopian\",\"isPartOf\":{\"@id\":\"https:\/\/www.loopian.com.ar\/inscripcion\/#website\"},\"primaryImageOfPage\":{\"@id\":\"https:\/\/www.loopian.com.ar\/inscripcion\/curso\/tanatologia-duelo-y-ceremonial-exequial\/#primaryimage\"},\"image\":{\"@id\":\"https:\/\/www.loopian.com.ar\/inscripcion\/curso\/tanatologia-duelo-y-ceremonial-exequial\/#primaryimage\"},\"thumbnailUrl\":\"https:\/\/www.loopian.com.ar\/inscripcion\/wp-content\/uploads\/2026\/03\/gemini_nanobana_1772411972_zxAExILeN8-scaled.png\",\"datePublished\":\"2026-03-02T00:40:36+00:00\",\"breadcrumb\":{\"@id\":\"https:\/\/www.loopian.com.ar\/inscripcion\/curso\/tanatologia-duelo-y-ceremonial-exequial\/#breadcrumb\"},\"inLanguage\":\"es\",\"potentialAction\":[{\"@type\":\"ReadAction\",\"target\":[\"https:\/\/www.loopian.com.ar\/inscripcion\/curso\/tanatologia-duelo-y-ceremonial-exequial\/\"]}]},{\"@type\":\"ImageObject\",\"inLanguage\":\"es\",\"@id\":\"https:\/\/www.loopian.com.ar\/inscripcion\/curso\/tanatologia-duelo-y-ceremonial-exequial\/#primaryimage\",\"url\":\"https:\/\/www.loopian.com.ar\/inscripcion\/wp-content\/uploads\/2026\/03\/gemini_nanobana_1772411972_zxAExILeN8-scaled.png\",\"contentUrl\":\"https:\/\/www.loopian.com.ar\/inscripcion\/wp-content\/uploads\/2026\/03\/gemini_nanobana_1772411972_zxAExILeN8-scaled.png\",\"width\":2560,\"height\":1429},{\"@type\":\"BreadcrumbList\",\"@id\":\"https:\/\/www.loopian.com.ar\/inscripcion\/curso\/tanatologia-duelo-y-ceremonial-exequial\/#breadcrumb\",\"itemListElement\":[{\"@type\":\"ListItem\",\"position\":1,\"name\":\"Portada\",\"item\":\"https:\/\/www.loopian.com.ar\/inscripcion\/\"},{\"@type\":\"ListItem\",\"position\":2,\"name\":\"Tienda\",\"item\":\"https:\/\/www.loopian.com.ar\/inscripcion\/tienda\/\"},{\"@type\":\"ListItem\",\"position\":3,\"name\":\"Tanatolog\u00eda: Duelo y Ceremonial Exequial\"}]},{\"@type\":\"WebSite\",\"@id\":\"https:\/\/www.loopian.com.ar\/inscripcion\/#website\",\"url\":\"https:\/\/www.loopian.com.ar\/inscripcion\/\",\"name\":\"Loopian\",\"description\":\"Cursos a Distancia\",\"publisher\":{\"@id\":\"https:\/\/www.loopian.com.ar\/inscripcion\/#organization\"},\"potentialAction\":[{\"@type\":\"SearchAction\",\"target\":{\"@type\":\"EntryPoint\",\"urlTemplate\":\"https:\/\/www.loopian.com.ar\/inscripcion\/?s={search_term_string}\"},\"query-input\":{\"@type\":\"PropertyValueSpecification\",\"valueRequired\":true,\"valueName\":\"search_term_string\"}}],\"inLanguage\":\"es\"},{\"@type\":\"Organization\",\"@id\":\"https:\/\/www.loopian.com.ar\/inscripcion\/#organization\",\"name\":\"Loopian - Centro de Educaci\u00f3n a Distancia\",\"url\":\"https:\/\/www.loopian.com.ar\/inscripcion\/\",\"logo\":{\"@type\":\"ImageObject\",\"inLanguage\":\"es\",\"@id\":\"https:\/\/www.loopian.com.ar\/inscripcion\/#\/schema\/logo\/image\/\",\"url\":\"https:\/\/www.loopian.com.ar\/cursos\/wp-content\/uploads\/2014\/10\/Logo-300x76-e1415721729336.png\",\"contentUrl\":\"https:\/\/www.loopian.com.ar\/cursos\/wp-content\/uploads\/2014\/10\/Logo-300x76-e1415721729336.png\",\"width\":280,\"height\":71,\"caption\":\"Loopian - Centro de Educaci\u00f3n a Distancia\"},\"image\":{\"@id\":\"https:\/\/www.loopian.com.ar\/inscripcion\/#\/schema\/logo\/image\/\"},\"sameAs\":[\"http:\/\/www.loopian.com.ar\/loopian\"]}]}<\/script>\n<!-- \/ Yoast SEO plugin. -->","yoast_head_json":{"title":"Tanatolog\u00eda: Duelo y Ceremonial Exequial - Loopian","robots":{"index":"index","follow":"follow","max-snippet":"max-snippet:-1","max-image-preview":"max-image-preview:large","max-video-preview":"max-video-preview:-1"},"canonical":"https:\/\/www.loopian.com.ar\/inscripcion\/curso\/tanatologia-duelo-y-ceremonial-exequial\/","twitter_misc":{"Tiempo de lectura":"1 minuto"},"schema":{"@context":"https:\/\/schema.org","@graph":[{"@type":"WebPage","@id":"https:\/\/www.loopian.com.ar\/inscripcion\/curso\/tanatologia-duelo-y-ceremonial-exequial\/","url":"https:\/\/www.loopian.com.ar\/inscripcion\/curso\/tanatologia-duelo-y-ceremonial-exequial\/","name":"Tanatolog\u00eda: Duelo y Ceremonial Exequial - Loopian","isPartOf":{"@id":"https:\/\/www.loopian.com.ar\/inscripcion\/#website"},"primaryImageOfPage":{"@id":"https:\/\/www.loopian.com.ar\/inscripcion\/curso\/tanatologia-duelo-y-ceremonial-exequial\/#primaryimage"},"image":{"@id":"https:\/\/www.loopian.com.ar\/inscripcion\/curso\/tanatologia-duelo-y-ceremonial-exequial\/#primaryimage"},"thumbnailUrl":"https:\/\/www.loopian.com.ar\/inscripcion\/wp-content\/uploads\/2026\/03\/gemini_nanobana_1772411972_zxAExILeN8-scaled.png","datePublished":"2026-03-02T00:40:36+00:00","breadcrumb":{"@id":"https:\/\/www.loopian.com.ar\/inscripcion\/curso\/tanatologia-duelo-y-ceremonial-exequial\/#breadcrumb"},"inLanguage":"es","potentialAction":[{"@type":"ReadAction","target":["https:\/\/www.loopian.com.ar\/inscripcion\/curso\/tanatologia-duelo-y-ceremonial-exequial\/"]}]},{"@type":"ImageObject","inLanguage":"es","@id":"https:\/\/www.loopian.com.ar\/inscripcion\/curso\/tanatologia-duelo-y-ceremonial-exequial\/#primaryimage","url":"https:\/\/www.loopian.com.ar\/inscripcion\/wp-content\/uploads\/2026\/03\/gemini_nanobana_1772411972_zxAExILeN8-scaled.png","contentUrl":"https:\/\/www.loopian.com.ar\/inscripcion\/wp-content\/uploads\/2026\/03\/gemini_nanobana_1772411972_zxAExILeN8-scaled.png","width":2560,"height":1429},{"@type":"BreadcrumbList","@id":"https:\/\/www.loopian.com.ar\/inscripcion\/curso\/tanatologia-duelo-y-ceremonial-exequial\/#breadcrumb","itemListElement":[{"@type":"ListItem","position":1,"name":"Portada","item":"https:\/\/www.loopian.com.ar\/inscripcion\/"},{"@type":"ListItem","position":2,"name":"Tienda","item":"https:\/\/www.loopian.com.ar\/inscripcion\/tienda\/"},{"@type":"ListItem","position":3,"name":"Tanatolog\u00eda: Duelo y Ceremonial Exequial"}]},{"@type":"WebSite","@id":"https:\/\/www.loopian.com.ar\/inscripcion\/#website","url":"https:\/\/www.loopian.com.ar\/inscripcion\/","name":"Loopian","description":"Cursos a Distancia","publisher":{"@id":"https:\/\/www.loopian.com.ar\/inscripcion\/#organization"},"potentialAction":[{"@type":"SearchAction","target":{"@type":"EntryPoint","urlTemplate":"https:\/\/www.loopian.com.ar\/inscripcion\/?s={search_term_string}"},"query-input":{"@type":"PropertyValueSpecification","valueRequired":true,"valueName":"search_term_string"}}],"inLanguage":"es"},{"@type":"Organization","@id":"https:\/\/www.loopian.com.ar\/inscripcion\/#organization","name":"Loopian - Centro de Educaci\u00f3n a Distancia","url":"https:\/\/www.loopian.com.ar\/inscripcion\/","logo":{"@type":"ImageObject","inLanguage":"es","@id":"https:\/\/www.loopian.com.ar\/inscripcion\/#\/schema\/logo\/image\/","url":"https:\/\/www.loopian.com.ar\/cursos\/wp-content\/uploads\/2014\/10\/Logo-300x76-e1415721729336.png","contentUrl":"https:\/\/www.loopian.com.ar\/cursos\/wp-content\/uploads\/2014\/10\/Logo-300x76-e1415721729336.png","width":280,"height":71,"caption":"Loopian - Centro de Educaci\u00f3n a Distancia"},"image":{"@id":"https:\/\/www.loopian.com.ar\/inscripcion\/#\/schema\/logo\/image\/"},"sameAs":["http:\/\/www.loopian.com.ar\/loopian"]}]}},"_links":{"self":[{"href":"https:\/\/www.loopian.com.ar\/inscripcion\/wp-json\/wp\/v2\/product\/298203","targetHints":{"allow":["GET"]}}],"collection":[{"href":"https:\/\/www.loopian.com.ar\/inscripcion\/wp-json\/wp\/v2\/product"}],"about":[{"href":"https:\/\/www.loopian.com.ar\/inscripcion\/wp-json\/wp\/v2\/types\/product"}],"replies":[{"embeddable":true,"href":"https:\/\/www.loopian.com.ar\/inscripcion\/wp-json\/wp\/v2\/comments?post=298203"}],"wp:featuredmedia":[{"embeddable":true,"href":"https:\/\/www.loopian.com.ar\/inscripcion\/wp-json\/wp\/v2\/media\/298204"}],"wp:attachment":[{"href":"https:\/\/www.loopian.com.ar\/inscripcion\/wp-json\/wp\/v2\/media?parent=298203"}],"wp:term":[{"taxonomy":"product_brand","embeddable":true,"href":"https:\/\/www.loopian.com.ar\/inscripcion\/wp-json\/wp\/v2\/product_brand?post=298203"},{"taxonomy":"product_cat","embeddable":true,"href":"https:\/\/www.loopian.com.ar\/inscripcion\/wp-json\/wp\/v2\/product_cat?post=298203"},{"taxonomy":"product_tag","embeddable":true,"href":"https:\/\/www.loopian.com.ar\/inscripcion\/wp-json\/wp\/v2\/product_tag?post=298203"}],"curies":[{"name":"wp","href":"https:\/\/api.w.org\/{rel}","templated":true}]}}