{"id":298206,"date":"2026-03-01T22:04:14","date_gmt":"2026-03-02T01:04:14","guid":{"rendered":"https:\/\/www.loopian.com.ar\/inscripcion\/curso\/masajista-profesional\/"},"modified":"2026-03-01T22:04:14","modified_gmt":"2026-03-02T01:04:14","slug":"masajista-profesional","status":"publish","type":"product","link":"https:\/\/www.loopian.com.ar\/inscripcion\/curso\/masajista-profesional\/","title":{"rendered":"Masajista Profesional"},"content":{"rendered":"<h2>Objetivo del curso<\/h2>\n<p>Al finalizar este curso, el estudiante comprender\u00e1 los fundamentos anat\u00f3micos y fisiol\u00f3gicos del masaje, conocer\u00e1 los protocolos te\u00f3ricos de las principales t\u00e9cnicas de masoterapia (relajante, descontracturante, deportivo, circulatorio y est\u00e9tico), aplicar\u00e1 normas de bioseguridad, conocer\u00e1 el marco legal argentino y estar\u00e1 preparado para gestionar su emprendimiento profesional.<\/p>\n<h2>Posibilidades Laborales<\/h2>\n<p>Masajista en spa, centro de est\u00e9tica, hotel o resort. Masajista deportivo en clubes y equipos. Servicio de masajes a domicilio. Consultorio propio de masoterapia. Complemento para profesionales de salud, kinesiolog\u00eda y est\u00e9tica.<\/p>\n<h2>Destinatarios y Requisitos<\/h2>\n<p>Personas que practican masajes y quieren profesionalizar su formaci\u00f3n te\u00f3rica, quienes buscan una base s\u00f3lida antes de la pr\u00e1ctica presencial, profesionales de est\u00e9tica y bienestar, y emprendedores del rubro. No se requieren conocimientos previos.<\/p>\n<h2>Descripci\u00f3n<\/h2>\n<p>Curso 100% online de 32 lecciones te\u00f3ricas organizadas en 8 unidades. Contenido con ilustraciones detalladas. No incluye videos de t\u00e9cnicas manuales \u2014 se recomienda complementar con pr\u00e1ctica presencial supervisada. Incluye bioseguridad, marco legal argentino y gesti\u00f3n de emprendimiento.<\/p>\n","protected":false},"excerpt":{"rendered":"<p>Curso te\u00f3rico online de Masajista Profesional. Anatom\u00eda, t\u00e9cnicas de masaje, bioseguridad y gesti\u00f3n profesional. 32 lecciones con certificado. 100% online.<\/p>\n","protected":false},"featured_media":298207,"comment_status":"open","ping_status":"closed","template":"","meta":{"_acf_changed":false,"_et_pb_use_builder":"","_et_pb_old_content":"","_et_gb_content_width":""},"product_brand":[],"product_cat":[72],"product_tag":[],"class_list":{"0":"post-298206","1":"product","2":"type-product","3":"status-publish","4":"has-post-thumbnail","6":"product_cat-salud","8":"first","9":"instock","10":"downloadable","11":"virtual","12":"sold-individually","13":"purchasable","14":"product-type-simple"},"acf":[],"yoast_head":"<!-- This site is optimized with the Yoast SEO plugin v27.0 - https:\/\/yoast.com\/product\/yoast-seo-wordpress\/ -->\n<title>Masajista Profesional - Loopian<\/title>\n<meta name=\"robots\" content=\"index, follow, max-snippet:-1, max-image-preview:large, max-video-preview:-1\" \/>\n<link rel=\"canonical\" href=\"https:\/\/www.loopian.com.ar\/inscripcion\/curso\/masajista-profesional\/\" \/>\n<meta name=\"twitter:label1\" content=\"Tiempo de lectura\" \/>\n\t<meta name=\"twitter:data1\" content=\"1 minuto\" \/>\n<script type=\"application\/ld+json\" class=\"yoast-schema-graph\">{\"@context\":\"https:\/\/schema.org\",\"@graph\":[{\"@type\":\"WebPage\",\"@id\":\"https:\/\/www.loopian.com.ar\/inscripcion\/curso\/masajista-profesional\/\",\"url\":\"https:\/\/www.loopian.com.ar\/inscripcion\/curso\/masajista-profesional\/\",\"name\":\"Masajista Profesional - Loopian\",\"isPartOf\":{\"@id\":\"https:\/\/www.loopian.com.ar\/inscripcion\/#website\"},\"primaryImageOfPage\":{\"@id\":\"https:\/\/www.loopian.com.ar\/inscripcion\/curso\/masajista-profesional\/#primaryimage\"},\"image\":{\"@id\":\"https:\/\/www.loopian.com.ar\/inscripcion\/curso\/masajista-profesional\/#primaryimage\"},\"thumbnailUrl\":\"https:\/\/www.loopian.com.ar\/inscripcion\/wp-content\/uploads\/2026\/03\/gemini_nanobana_1772413389_OfqJbECrmB-scaled.png\",\"datePublished\":\"2026-03-02T01:04:14+00:00\",\"breadcrumb\":{\"@id\":\"https:\/\/www.loopian.com.ar\/inscripcion\/curso\/masajista-profesional\/#breadcrumb\"},\"inLanguage\":\"es\",\"potentialAction\":[{\"@type\":\"ReadAction\",\"target\":[\"https:\/\/www.loopian.com.ar\/inscripcion\/curso\/masajista-profesional\/\"]}]},{\"@type\":\"ImageObject\",\"inLanguage\":\"es\",\"@id\":\"https:\/\/www.loopian.com.ar\/inscripcion\/curso\/masajista-profesional\/#primaryimage\",\"url\":\"https:\/\/www.loopian.com.ar\/inscripcion\/wp-content\/uploads\/2026\/03\/gemini_nanobana_1772413389_OfqJbECrmB-scaled.png\",\"contentUrl\":\"https:\/\/www.loopian.com.ar\/inscripcion\/wp-content\/uploads\/2026\/03\/gemini_nanobana_1772413389_OfqJbECrmB-scaled.png\",\"width\":2560,\"height\":1429},{\"@type\":\"BreadcrumbList\",\"@id\":\"https:\/\/www.loopian.com.ar\/inscripcion\/curso\/masajista-profesional\/#breadcrumb\",\"itemListElement\":[{\"@type\":\"ListItem\",\"position\":1,\"name\":\"Portada\",\"item\":\"https:\/\/www.loopian.com.ar\/inscripcion\/\"},{\"@type\":\"ListItem\",\"position\":2,\"name\":\"Tienda\",\"item\":\"https:\/\/www.loopian.com.ar\/inscripcion\/tienda\/\"},{\"@type\":\"ListItem\",\"position\":3,\"name\":\"Masajista Profesional\"}]},{\"@type\":\"WebSite\",\"@id\":\"https:\/\/www.loopian.com.ar\/inscripcion\/#website\",\"url\":\"https:\/\/www.loopian.com.ar\/inscripcion\/\",\"name\":\"Loopian\",\"description\":\"Cursos a Distancia\",\"publisher\":{\"@id\":\"https:\/\/www.loopian.com.ar\/inscripcion\/#organization\"},\"potentialAction\":[{\"@type\":\"SearchAction\",\"target\":{\"@type\":\"EntryPoint\",\"urlTemplate\":\"https:\/\/www.loopian.com.ar\/inscripcion\/?s={search_term_string}\"},\"query-input\":{\"@type\":\"PropertyValueSpecification\",\"valueRequired\":true,\"valueName\":\"search_term_string\"}}],\"inLanguage\":\"es\"},{\"@type\":\"Organization\",\"@id\":\"https:\/\/www.loopian.com.ar\/inscripcion\/#organization\",\"name\":\"Loopian - Centro de Educaci\u00f3n a Distancia\",\"url\":\"https:\/\/www.loopian.com.ar\/inscripcion\/\",\"logo\":{\"@type\":\"ImageObject\",\"inLanguage\":\"es\",\"@id\":\"https:\/\/www.loopian.com.ar\/inscripcion\/#\/schema\/logo\/image\/\",\"url\":\"https:\/\/www.loopian.com.ar\/cursos\/wp-content\/uploads\/2014\/10\/Logo-300x76-e1415721729336.png\",\"contentUrl\":\"https:\/\/www.loopian.com.ar\/cursos\/wp-content\/uploads\/2014\/10\/Logo-300x76-e1415721729336.png\",\"width\":280,\"height\":71,\"caption\":\"Loopian - Centro de Educaci\u00f3n a Distancia\"},\"image\":{\"@id\":\"https:\/\/www.loopian.com.ar\/inscripcion\/#\/schema\/logo\/image\/\"},\"sameAs\":[\"http:\/\/www.loopian.com.ar\/loopian\"]}]}<\/script>\n<!-- \/ Yoast SEO plugin. -->","yoast_head_json":{"title":"Masajista Profesional - Loopian","robots":{"index":"index","follow":"follow","max-snippet":"max-snippet:-1","max-image-preview":"max-image-preview:large","max-video-preview":"max-video-preview:-1"},"canonical":"https:\/\/www.loopian.com.ar\/inscripcion\/curso\/masajista-profesional\/","twitter_misc":{"Tiempo de lectura":"1 minuto"},"schema":{"@context":"https:\/\/schema.org","@graph":[{"@type":"WebPage","@id":"https:\/\/www.loopian.com.ar\/inscripcion\/curso\/masajista-profesional\/","url":"https:\/\/www.loopian.com.ar\/inscripcion\/curso\/masajista-profesional\/","name":"Masajista Profesional - Loopian","isPartOf":{"@id":"https:\/\/www.loopian.com.ar\/inscripcion\/#website"},"primaryImageOfPage":{"@id":"https:\/\/www.loopian.com.ar\/inscripcion\/curso\/masajista-profesional\/#primaryimage"},"image":{"@id":"https:\/\/www.loopian.com.ar\/inscripcion\/curso\/masajista-profesional\/#primaryimage"},"thumbnailUrl":"https:\/\/www.loopian.com.ar\/inscripcion\/wp-content\/uploads\/2026\/03\/gemini_nanobana_1772413389_OfqJbECrmB-scaled.png","datePublished":"2026-03-02T01:04:14+00:00","breadcrumb":{"@id":"https:\/\/www.loopian.com.ar\/inscripcion\/curso\/masajista-profesional\/#breadcrumb"},"inLanguage":"es","potentialAction":[{"@type":"ReadAction","target":["https:\/\/www.loopian.com.ar\/inscripcion\/curso\/masajista-profesional\/"]}]},{"@type":"ImageObject","inLanguage":"es","@id":"https:\/\/www.loopian.com.ar\/inscripcion\/curso\/masajista-profesional\/#primaryimage","url":"https:\/\/www.loopian.com.ar\/inscripcion\/wp-content\/uploads\/2026\/03\/gemini_nanobana_1772413389_OfqJbECrmB-scaled.png","contentUrl":"https:\/\/www.loopian.com.ar\/inscripcion\/wp-content\/uploads\/2026\/03\/gemini_nanobana_1772413389_OfqJbECrmB-scaled.png","width":2560,"height":1429},{"@type":"BreadcrumbList","@id":"https:\/\/www.loopian.com.ar\/inscripcion\/curso\/masajista-profesional\/#breadcrumb","itemListElement":[{"@type":"ListItem","position":1,"name":"Portada","item":"https:\/\/www.loopian.com.ar\/inscripcion\/"},{"@type":"ListItem","position":2,"name":"Tienda","item":"https:\/\/www.loopian.com.ar\/inscripcion\/tienda\/"},{"@type":"ListItem","position":3,"name":"Masajista Profesional"}]},{"@type":"WebSite","@id":"https:\/\/www.loopian.com.ar\/inscripcion\/#website","url":"https:\/\/www.loopian.com.ar\/inscripcion\/","name":"Loopian","description":"Cursos a Distancia","publisher":{"@id":"https:\/\/www.loopian.com.ar\/inscripcion\/#organization"},"potentialAction":[{"@type":"SearchAction","target":{"@type":"EntryPoint","urlTemplate":"https:\/\/www.loopian.com.ar\/inscripcion\/?s={search_term_string}"},"query-input":{"@type":"PropertyValueSpecification","valueRequired":true,"valueName":"search_term_string"}}],"inLanguage":"es"},{"@type":"Organization","@id":"https:\/\/www.loopian.com.ar\/inscripcion\/#organization","name":"Loopian - Centro de Educaci\u00f3n a Distancia","url":"https:\/\/www.loopian.com.ar\/inscripcion\/","logo":{"@type":"ImageObject","inLanguage":"es","@id":"https:\/\/www.loopian.com.ar\/inscripcion\/#\/schema\/logo\/image\/","url":"https:\/\/www.loopian.com.ar\/cursos\/wp-content\/uploads\/2014\/10\/Logo-300x76-e1415721729336.png","contentUrl":"https:\/\/www.loopian.com.ar\/cursos\/wp-content\/uploads\/2014\/10\/Logo-300x76-e1415721729336.png","width":280,"height":71,"caption":"Loopian - Centro de Educaci\u00f3n a Distancia"},"image":{"@id":"https:\/\/www.loopian.com.ar\/inscripcion\/#\/schema\/logo\/image\/"},"sameAs":["http:\/\/www.loopian.com.ar\/loopian"]}]}},"_links":{"self":[{"href":"https:\/\/www.loopian.com.ar\/inscripcion\/wp-json\/wp\/v2\/product\/298206","targetHints":{"allow":["GET"]}}],"collection":[{"href":"https:\/\/www.loopian.com.ar\/inscripcion\/wp-json\/wp\/v2\/product"}],"about":[{"href":"https:\/\/www.loopian.com.ar\/inscripcion\/wp-json\/wp\/v2\/types\/product"}],"replies":[{"embeddable":true,"href":"https:\/\/www.loopian.com.ar\/inscripcion\/wp-json\/wp\/v2\/comments?post=298206"}],"wp:featuredmedia":[{"embeddable":true,"href":"https:\/\/www.loopian.com.ar\/inscripcion\/wp-json\/wp\/v2\/media\/298207"}],"wp:attachment":[{"href":"https:\/\/www.loopian.com.ar\/inscripcion\/wp-json\/wp\/v2\/media?parent=298206"}],"wp:term":[{"taxonomy":"product_brand","embeddable":true,"href":"https:\/\/www.loopian.com.ar\/inscripcion\/wp-json\/wp\/v2\/product_brand?post=298206"},{"taxonomy":"product_cat","embeddable":true,"href":"https:\/\/www.loopian.com.ar\/inscripcion\/wp-json\/wp\/v2\/product_cat?post=298206"},{"taxonomy":"product_tag","embeddable":true,"href":"https:\/\/www.loopian.com.ar\/inscripcion\/wp-json\/wp\/v2\/product_tag?post=298206"}],"curies":[{"name":"wp","href":"https:\/\/api.w.org\/{rel}","templated":true}]}}