{"id":298333,"date":"2026-03-05T11:40:30","date_gmt":"2026-03-05T14:40:30","guid":{"rendered":"https:\/\/www.loopian.com.ar\/inscripcion\/curso\/suplementos-y-nutricion-nivel-basico\/"},"modified":"2026-03-05T11:40:30","modified_gmt":"2026-03-05T14:40:30","slug":"suplementos-y-nutricion-nivel-basico","status":"publish","type":"product","link":"https:\/\/www.loopian.com.ar\/inscripcion\/curso\/suplementos-y-nutricion-nivel-basico\/","title":{"rendered":"Suplementos y Nutrici\u00f3n Nivel B\u00e1sico"},"content":{"rendered":"<h2>Objetivo del curso<\/h2>\n<p>Programa de capacitaci\u00f3n para personal de farmacias, diet\u00e9ticas, comercios especializados y emprendedores sobre suplementos nutricionales habilitados en Argentina, respetando el marco regulatorio vigente.<\/p>\n<h2>Posibilidades Laborales<\/h2>\n<p>Profesional capacitado en Fundamentos de Nutrici\u00f3n y Suplementos Dietarios, Marco Regulatorio y Categor\u00edas de Productos y Aplicaci\u00f3n Pr\u00e1ctica en Punto de Venta. Trabaj\u00e1 de forma independiente o en relaci\u00f3n de dependencia en el sector.<\/p>\n<h2>Destinatarios y Requisitos<\/h2>\n<p>Personas interesadas en formarse profesionalmente sin experiencia previa, trabajadores del sector que busquen actualizar sus conocimientos, y profesionales en reconversi\u00f3n laboral. No se requieren conocimientos previos.<\/p>\n<h2>Descripci\u00f3n<\/h2>\n<p>Curso 100% online de 17 lecciones organizadas en 3 unidades, con contenido pr\u00e1ctico y evaluaciones. Abord\u00e1 desde los fundamentos hasta temas avanzados como Fundamentos de Nutrici\u00f3n y Suplementos Dietarios, Marco Regulatorio y Categor\u00edas de Productos y Aplicaci\u00f3n Pr\u00e1ctica en Punto de Venta.<\/p>\n","protected":false},"excerpt":{"rendered":"<p>Programa de capacitaci\u00f3n para personal de farmacias, diet\u00e9ticas, comercios especializados y emprendedores sobre suplementos nutricionales habilitados en Argentina, respetando el marco regulatorio vi&#8230;<\/p>\n","protected":false},"featured_media":298338,"comment_status":"open","ping_status":"closed","template":"","meta":{"_acf_changed":false,"_et_pb_use_builder":"","_et_pb_old_content":"","_et_gb_content_width":""},"product_brand":[],"product_cat":[72],"product_tag":[],"class_list":{"0":"post-298333","1":"product","2":"type-product","3":"status-publish","4":"has-post-thumbnail","6":"product_cat-salud","8":"first","9":"instock","10":"downloadable","11":"virtual","12":"sold-individually","13":"purchasable","14":"product-type-simple"},"acf":[],"yoast_head":"<!-- This site is optimized with the Yoast SEO plugin v27.0 - https:\/\/yoast.com\/product\/yoast-seo-wordpress\/ -->\n<title>Suplementos y Nutrici\u00f3n Nivel B\u00e1sico - Loopian<\/title>\n<meta name=\"robots\" content=\"index, follow, max-snippet:-1, max-image-preview:large, max-video-preview:-1\" \/>\n<link rel=\"canonical\" href=\"https:\/\/www.loopian.com.ar\/inscripcion\/curso\/suplementos-y-nutricion-nivel-basico\/\" \/>\n<meta name=\"twitter:label1\" content=\"Tiempo de lectura\" \/>\n\t<meta name=\"twitter:data1\" content=\"1 minuto\" \/>\n<script type=\"application\/ld+json\" class=\"yoast-schema-graph\">{\"@context\":\"https:\/\/schema.org\",\"@graph\":[{\"@type\":\"WebPage\",\"@id\":\"https:\/\/www.loopian.com.ar\/inscripcion\/curso\/suplementos-y-nutricion-nivel-basico\/\",\"url\":\"https:\/\/www.loopian.com.ar\/inscripcion\/curso\/suplementos-y-nutricion-nivel-basico\/\",\"name\":\"Suplementos y Nutrici\u00f3n Nivel B\u00e1sico - Loopian\",\"isPartOf\":{\"@id\":\"https:\/\/www.loopian.com.ar\/inscripcion\/#website\"},\"primaryImageOfPage\":{\"@id\":\"https:\/\/www.loopian.com.ar\/inscripcion\/curso\/suplementos-y-nutricion-nivel-basico\/#primaryimage\"},\"image\":{\"@id\":\"https:\/\/www.loopian.com.ar\/inscripcion\/curso\/suplementos-y-nutricion-nivel-basico\/#primaryimage\"},\"thumbnailUrl\":\"https:\/\/www.loopian.com.ar\/inscripcion\/wp-content\/uploads\/2026\/03\/gemini_nanobana_1772724891_8CIer6Mptm-scaled.png\",\"datePublished\":\"2026-03-05T14:40:30+00:00\",\"breadcrumb\":{\"@id\":\"https:\/\/www.loopian.com.ar\/inscripcion\/curso\/suplementos-y-nutricion-nivel-basico\/#breadcrumb\"},\"inLanguage\":\"es\",\"potentialAction\":[{\"@type\":\"ReadAction\",\"target\":[\"https:\/\/www.loopian.com.ar\/inscripcion\/curso\/suplementos-y-nutricion-nivel-basico\/\"]}]},{\"@type\":\"ImageObject\",\"inLanguage\":\"es\",\"@id\":\"https:\/\/www.loopian.com.ar\/inscripcion\/curso\/suplementos-y-nutricion-nivel-basico\/#primaryimage\",\"url\":\"https:\/\/www.loopian.com.ar\/inscripcion\/wp-content\/uploads\/2026\/03\/gemini_nanobana_1772724891_8CIer6Mptm-scaled.png\",\"contentUrl\":\"https:\/\/www.loopian.com.ar\/inscripcion\/wp-content\/uploads\/2026\/03\/gemini_nanobana_1772724891_8CIer6Mptm-scaled.png\",\"width\":2560,\"height\":1429},{\"@type\":\"BreadcrumbList\",\"@id\":\"https:\/\/www.loopian.com.ar\/inscripcion\/curso\/suplementos-y-nutricion-nivel-basico\/#breadcrumb\",\"itemListElement\":[{\"@type\":\"ListItem\",\"position\":1,\"name\":\"Portada\",\"item\":\"https:\/\/www.loopian.com.ar\/inscripcion\/\"},{\"@type\":\"ListItem\",\"position\":2,\"name\":\"Tienda\",\"item\":\"https:\/\/www.loopian.com.ar\/inscripcion\/tienda\/\"},{\"@type\":\"ListItem\",\"position\":3,\"name\":\"Suplementos y Nutrici\u00f3n Nivel B\u00e1sico\"}]},{\"@type\":\"WebSite\",\"@id\":\"https:\/\/www.loopian.com.ar\/inscripcion\/#website\",\"url\":\"https:\/\/www.loopian.com.ar\/inscripcion\/\",\"name\":\"Loopian\",\"description\":\"Cursos a Distancia\",\"publisher\":{\"@id\":\"https:\/\/www.loopian.com.ar\/inscripcion\/#organization\"},\"potentialAction\":[{\"@type\":\"SearchAction\",\"target\":{\"@type\":\"EntryPoint\",\"urlTemplate\":\"https:\/\/www.loopian.com.ar\/inscripcion\/?s={search_term_string}\"},\"query-input\":{\"@type\":\"PropertyValueSpecification\",\"valueRequired\":true,\"valueName\":\"search_term_string\"}}],\"inLanguage\":\"es\"},{\"@type\":\"Organization\",\"@id\":\"https:\/\/www.loopian.com.ar\/inscripcion\/#organization\",\"name\":\"Loopian - Centro de Educaci\u00f3n a Distancia\",\"url\":\"https:\/\/www.loopian.com.ar\/inscripcion\/\",\"logo\":{\"@type\":\"ImageObject\",\"inLanguage\":\"es\",\"@id\":\"https:\/\/www.loopian.com.ar\/inscripcion\/#\/schema\/logo\/image\/\",\"url\":\"https:\/\/www.loopian.com.ar\/cursos\/wp-content\/uploads\/2014\/10\/Logo-300x76-e1415721729336.png\",\"contentUrl\":\"https:\/\/www.loopian.com.ar\/cursos\/wp-content\/uploads\/2014\/10\/Logo-300x76-e1415721729336.png\",\"width\":280,\"height\":71,\"caption\":\"Loopian - Centro de Educaci\u00f3n a Distancia\"},\"image\":{\"@id\":\"https:\/\/www.loopian.com.ar\/inscripcion\/#\/schema\/logo\/image\/\"},\"sameAs\":[\"http:\/\/www.loopian.com.ar\/loopian\"]}]}<\/script>\n<!-- \/ Yoast SEO plugin. -->","yoast_head_json":{"title":"Suplementos y Nutrici\u00f3n Nivel B\u00e1sico - Loopian","robots":{"index":"index","follow":"follow","max-snippet":"max-snippet:-1","max-image-preview":"max-image-preview:large","max-video-preview":"max-video-preview:-1"},"canonical":"https:\/\/www.loopian.com.ar\/inscripcion\/curso\/suplementos-y-nutricion-nivel-basico\/","twitter_misc":{"Tiempo de lectura":"1 minuto"},"schema":{"@context":"https:\/\/schema.org","@graph":[{"@type":"WebPage","@id":"https:\/\/www.loopian.com.ar\/inscripcion\/curso\/suplementos-y-nutricion-nivel-basico\/","url":"https:\/\/www.loopian.com.ar\/inscripcion\/curso\/suplementos-y-nutricion-nivel-basico\/","name":"Suplementos y Nutrici\u00f3n Nivel B\u00e1sico - Loopian","isPartOf":{"@id":"https:\/\/www.loopian.com.ar\/inscripcion\/#website"},"primaryImageOfPage":{"@id":"https:\/\/www.loopian.com.ar\/inscripcion\/curso\/suplementos-y-nutricion-nivel-basico\/#primaryimage"},"image":{"@id":"https:\/\/www.loopian.com.ar\/inscripcion\/curso\/suplementos-y-nutricion-nivel-basico\/#primaryimage"},"thumbnailUrl":"https:\/\/www.loopian.com.ar\/inscripcion\/wp-content\/uploads\/2026\/03\/gemini_nanobana_1772724891_8CIer6Mptm-scaled.png","datePublished":"2026-03-05T14:40:30+00:00","breadcrumb":{"@id":"https:\/\/www.loopian.com.ar\/inscripcion\/curso\/suplementos-y-nutricion-nivel-basico\/#breadcrumb"},"inLanguage":"es","potentialAction":[{"@type":"ReadAction","target":["https:\/\/www.loopian.com.ar\/inscripcion\/curso\/suplementos-y-nutricion-nivel-basico\/"]}]},{"@type":"ImageObject","inLanguage":"es","@id":"https:\/\/www.loopian.com.ar\/inscripcion\/curso\/suplementos-y-nutricion-nivel-basico\/#primaryimage","url":"https:\/\/www.loopian.com.ar\/inscripcion\/wp-content\/uploads\/2026\/03\/gemini_nanobana_1772724891_8CIer6Mptm-scaled.png","contentUrl":"https:\/\/www.loopian.com.ar\/inscripcion\/wp-content\/uploads\/2026\/03\/gemini_nanobana_1772724891_8CIer6Mptm-scaled.png","width":2560,"height":1429},{"@type":"BreadcrumbList","@id":"https:\/\/www.loopian.com.ar\/inscripcion\/curso\/suplementos-y-nutricion-nivel-basico\/#breadcrumb","itemListElement":[{"@type":"ListItem","position":1,"name":"Portada","item":"https:\/\/www.loopian.com.ar\/inscripcion\/"},{"@type":"ListItem","position":2,"name":"Tienda","item":"https:\/\/www.loopian.com.ar\/inscripcion\/tienda\/"},{"@type":"ListItem","position":3,"name":"Suplementos y Nutrici\u00f3n Nivel B\u00e1sico"}]},{"@type":"WebSite","@id":"https:\/\/www.loopian.com.ar\/inscripcion\/#website","url":"https:\/\/www.loopian.com.ar\/inscripcion\/","name":"Loopian","description":"Cursos a Distancia","publisher":{"@id":"https:\/\/www.loopian.com.ar\/inscripcion\/#organization"},"potentialAction":[{"@type":"SearchAction","target":{"@type":"EntryPoint","urlTemplate":"https:\/\/www.loopian.com.ar\/inscripcion\/?s={search_term_string}"},"query-input":{"@type":"PropertyValueSpecification","valueRequired":true,"valueName":"search_term_string"}}],"inLanguage":"es"},{"@type":"Organization","@id":"https:\/\/www.loopian.com.ar\/inscripcion\/#organization","name":"Loopian - Centro de Educaci\u00f3n a Distancia","url":"https:\/\/www.loopian.com.ar\/inscripcion\/","logo":{"@type":"ImageObject","inLanguage":"es","@id":"https:\/\/www.loopian.com.ar\/inscripcion\/#\/schema\/logo\/image\/","url":"https:\/\/www.loopian.com.ar\/cursos\/wp-content\/uploads\/2014\/10\/Logo-300x76-e1415721729336.png","contentUrl":"https:\/\/www.loopian.com.ar\/cursos\/wp-content\/uploads\/2014\/10\/Logo-300x76-e1415721729336.png","width":280,"height":71,"caption":"Loopian - Centro de Educaci\u00f3n a Distancia"},"image":{"@id":"https:\/\/www.loopian.com.ar\/inscripcion\/#\/schema\/logo\/image\/"},"sameAs":["http:\/\/www.loopian.com.ar\/loopian"]}]}},"_links":{"self":[{"href":"https:\/\/www.loopian.com.ar\/inscripcion\/wp-json\/wp\/v2\/product\/298333","targetHints":{"allow":["GET"]}}],"collection":[{"href":"https:\/\/www.loopian.com.ar\/inscripcion\/wp-json\/wp\/v2\/product"}],"about":[{"href":"https:\/\/www.loopian.com.ar\/inscripcion\/wp-json\/wp\/v2\/types\/product"}],"replies":[{"embeddable":true,"href":"https:\/\/www.loopian.com.ar\/inscripcion\/wp-json\/wp\/v2\/comments?post=298333"}],"wp:featuredmedia":[{"embeddable":true,"href":"https:\/\/www.loopian.com.ar\/inscripcion\/wp-json\/wp\/v2\/media\/298338"}],"wp:attachment":[{"href":"https:\/\/www.loopian.com.ar\/inscripcion\/wp-json\/wp\/v2\/media?parent=298333"}],"wp:term":[{"taxonomy":"product_brand","embeddable":true,"href":"https:\/\/www.loopian.com.ar\/inscripcion\/wp-json\/wp\/v2\/product_brand?post=298333"},{"taxonomy":"product_cat","embeddable":true,"href":"https:\/\/www.loopian.com.ar\/inscripcion\/wp-json\/wp\/v2\/product_cat?post=298333"},{"taxonomy":"product_tag","embeddable":true,"href":"https:\/\/www.loopian.com.ar\/inscripcion\/wp-json\/wp\/v2\/product_tag?post=298333"}],"curies":[{"name":"wp","href":"https:\/\/api.w.org\/{rel}","templated":true}]}}