{"id":298451,"date":"2026-03-11T11:39:47","date_gmt":"2026-03-11T14:39:47","guid":{"rendered":"https:\/\/www.loopian.com.ar\/inscripcion\/curso\/acompanante-terapeutico-en-salud-mental-y-adicciones\/"},"modified":"2026-03-11T13:13:03","modified_gmt":"2026-03-11T16:13:03","slug":"acompanante-terapeutico-en-salud-mental-y-adicciones","status":"publish","type":"product","link":"https:\/\/www.loopian.com.ar\/inscripcion\/curso\/acompanante-terapeutico-en-salud-mental-y-adicciones\/","title":{"rendered":"Acompa\u00f1ante Terap\u00e9utico en Salud Mental y Adicciones"},"content":{"rendered":"","protected":false},"excerpt":{"rendered":"<p>Formaci\u00f3n integral como acompa\u00f1ante terap\u00e9utico especializado en salud mental y adicciones.<\/p>\n","protected":false},"featured_media":298455,"comment_status":"open","ping_status":"closed","template":"","meta":{"_acf_changed":false,"_et_pb_use_builder":"","_et_pb_old_content":"","_et_gb_content_width":""},"product_brand":[],"product_cat":[72],"product_tag":[],"class_list":{"0":"post-298451","1":"product","2":"type-product","3":"status-publish","4":"has-post-thumbnail","6":"product_cat-salud","8":"first","9":"instock","10":"downloadable","11":"virtual","12":"purchasable","13":"product-type-simple"},"acf":[],"yoast_head":"<!-- This site is optimized with the Yoast SEO plugin v27.0 - https:\/\/yoast.com\/product\/yoast-seo-wordpress\/ -->\n<title>Acompa\u00f1ante Terap\u00e9utico en Salud Mental y Adicciones - Loopian<\/title>\n<meta name=\"robots\" content=\"index, follow, max-snippet:-1, max-image-preview:large, max-video-preview:-1\" \/>\n<link rel=\"canonical\" href=\"https:\/\/www.loopian.com.ar\/inscripcion\/curso\/acompanante-terapeutico-en-salud-mental-y-adicciones\/\" \/>\n<meta name=\"twitter:label1\" content=\"Tiempo de lectura\" \/>\n\t<meta name=\"twitter:data1\" content=\"1 minuto\" \/>\n<script type=\"application\/ld+json\" class=\"yoast-schema-graph\">{\"@context\":\"https:\/\/schema.org\",\"@graph\":[{\"@type\":\"WebPage\",\"@id\":\"https:\/\/www.loopian.com.ar\/inscripcion\/curso\/acompanante-terapeutico-en-salud-mental-y-adicciones\/\",\"url\":\"https:\/\/www.loopian.com.ar\/inscripcion\/curso\/acompanante-terapeutico-en-salud-mental-y-adicciones\/\",\"name\":\"Acompa\u00f1ante Terap\u00e9utico en Salud Mental y Adicciones - Loopian\",\"isPartOf\":{\"@id\":\"https:\/\/www.loopian.com.ar\/inscripcion\/#website\"},\"primaryImageOfPage\":{\"@id\":\"https:\/\/www.loopian.com.ar\/inscripcion\/curso\/acompanante-terapeutico-en-salud-mental-y-adicciones\/#primaryimage\"},\"image\":{\"@id\":\"https:\/\/www.loopian.com.ar\/inscripcion\/curso\/acompanante-terapeutico-en-salud-mental-y-adicciones\/#primaryimage\"},\"thumbnailUrl\":\"https:\/\/www.loopian.com.ar\/inscripcion\/wp-content\/uploads\/2026\/03\/milti_424-scaled.png\",\"datePublished\":\"2026-03-11T14:39:47+00:00\",\"dateModified\":\"2026-03-11T16:13:03+00:00\",\"breadcrumb\":{\"@id\":\"https:\/\/www.loopian.com.ar\/inscripcion\/curso\/acompanante-terapeutico-en-salud-mental-y-adicciones\/#breadcrumb\"},\"inLanguage\":\"es\",\"potentialAction\":[{\"@type\":\"ReadAction\",\"target\":[\"https:\/\/www.loopian.com.ar\/inscripcion\/curso\/acompanante-terapeutico-en-salud-mental-y-adicciones\/\"]}]},{\"@type\":\"ImageObject\",\"inLanguage\":\"es\",\"@id\":\"https:\/\/www.loopian.com.ar\/inscripcion\/curso\/acompanante-terapeutico-en-salud-mental-y-adicciones\/#primaryimage\",\"url\":\"https:\/\/www.loopian.com.ar\/inscripcion\/wp-content\/uploads\/2026\/03\/milti_424-scaled.png\",\"contentUrl\":\"https:\/\/www.loopian.com.ar\/inscripcion\/wp-content\/uploads\/2026\/03\/milti_424-scaled.png\",\"width\":2560,\"height\":1429},{\"@type\":\"BreadcrumbList\",\"@id\":\"https:\/\/www.loopian.com.ar\/inscripcion\/curso\/acompanante-terapeutico-en-salud-mental-y-adicciones\/#breadcrumb\",\"itemListElement\":[{\"@type\":\"ListItem\",\"position\":1,\"name\":\"Portada\",\"item\":\"https:\/\/www.loopian.com.ar\/inscripcion\/\"},{\"@type\":\"ListItem\",\"position\":2,\"name\":\"Tienda\",\"item\":\"https:\/\/www.loopian.com.ar\/inscripcion\/tienda\/\"},{\"@type\":\"ListItem\",\"position\":3,\"name\":\"Acompa\u00f1ante Terap\u00e9utico en Salud Mental y Adicciones\"}]},{\"@type\":\"WebSite\",\"@id\":\"https:\/\/www.loopian.com.ar\/inscripcion\/#website\",\"url\":\"https:\/\/www.loopian.com.ar\/inscripcion\/\",\"name\":\"Loopian\",\"description\":\"Cursos a Distancia\",\"publisher\":{\"@id\":\"https:\/\/www.loopian.com.ar\/inscripcion\/#organization\"},\"potentialAction\":[{\"@type\":\"SearchAction\",\"target\":{\"@type\":\"EntryPoint\",\"urlTemplate\":\"https:\/\/www.loopian.com.ar\/inscripcion\/?s={search_term_string}\"},\"query-input\":{\"@type\":\"PropertyValueSpecification\",\"valueRequired\":true,\"valueName\":\"search_term_string\"}}],\"inLanguage\":\"es\"},{\"@type\":\"Organization\",\"@id\":\"https:\/\/www.loopian.com.ar\/inscripcion\/#organization\",\"name\":\"Loopian - Centro de Educaci\u00f3n a Distancia\",\"url\":\"https:\/\/www.loopian.com.ar\/inscripcion\/\",\"logo\":{\"@type\":\"ImageObject\",\"inLanguage\":\"es\",\"@id\":\"https:\/\/www.loopian.com.ar\/inscripcion\/#\/schema\/logo\/image\/\",\"url\":\"https:\/\/www.loopian.com.ar\/cursos\/wp-content\/uploads\/2014\/10\/Logo-300x76-e1415721729336.png\",\"contentUrl\":\"https:\/\/www.loopian.com.ar\/cursos\/wp-content\/uploads\/2014\/10\/Logo-300x76-e1415721729336.png\",\"width\":280,\"height\":71,\"caption\":\"Loopian - Centro de Educaci\u00f3n a Distancia\"},\"image\":{\"@id\":\"https:\/\/www.loopian.com.ar\/inscripcion\/#\/schema\/logo\/image\/\"},\"sameAs\":[\"http:\/\/www.loopian.com.ar\/loopian\"]}]}<\/script>\n<!-- \/ Yoast SEO plugin. -->","yoast_head_json":{"title":"Acompa\u00f1ante Terap\u00e9utico en Salud Mental y Adicciones - Loopian","robots":{"index":"index","follow":"follow","max-snippet":"max-snippet:-1","max-image-preview":"max-image-preview:large","max-video-preview":"max-video-preview:-1"},"canonical":"https:\/\/www.loopian.com.ar\/inscripcion\/curso\/acompanante-terapeutico-en-salud-mental-y-adicciones\/","twitter_misc":{"Tiempo de lectura":"1 minuto"},"schema":{"@context":"https:\/\/schema.org","@graph":[{"@type":"WebPage","@id":"https:\/\/www.loopian.com.ar\/inscripcion\/curso\/acompanante-terapeutico-en-salud-mental-y-adicciones\/","url":"https:\/\/www.loopian.com.ar\/inscripcion\/curso\/acompanante-terapeutico-en-salud-mental-y-adicciones\/","name":"Acompa\u00f1ante Terap\u00e9utico en Salud Mental y Adicciones - Loopian","isPartOf":{"@id":"https:\/\/www.loopian.com.ar\/inscripcion\/#website"},"primaryImageOfPage":{"@id":"https:\/\/www.loopian.com.ar\/inscripcion\/curso\/acompanante-terapeutico-en-salud-mental-y-adicciones\/#primaryimage"},"image":{"@id":"https:\/\/www.loopian.com.ar\/inscripcion\/curso\/acompanante-terapeutico-en-salud-mental-y-adicciones\/#primaryimage"},"thumbnailUrl":"https:\/\/www.loopian.com.ar\/inscripcion\/wp-content\/uploads\/2026\/03\/milti_424-scaled.png","datePublished":"2026-03-11T14:39:47+00:00","dateModified":"2026-03-11T16:13:03+00:00","breadcrumb":{"@id":"https:\/\/www.loopian.com.ar\/inscripcion\/curso\/acompanante-terapeutico-en-salud-mental-y-adicciones\/#breadcrumb"},"inLanguage":"es","potentialAction":[{"@type":"ReadAction","target":["https:\/\/www.loopian.com.ar\/inscripcion\/curso\/acompanante-terapeutico-en-salud-mental-y-adicciones\/"]}]},{"@type":"ImageObject","inLanguage":"es","@id":"https:\/\/www.loopian.com.ar\/inscripcion\/curso\/acompanante-terapeutico-en-salud-mental-y-adicciones\/#primaryimage","url":"https:\/\/www.loopian.com.ar\/inscripcion\/wp-content\/uploads\/2026\/03\/milti_424-scaled.png","contentUrl":"https:\/\/www.loopian.com.ar\/inscripcion\/wp-content\/uploads\/2026\/03\/milti_424-scaled.png","width":2560,"height":1429},{"@type":"BreadcrumbList","@id":"https:\/\/www.loopian.com.ar\/inscripcion\/curso\/acompanante-terapeutico-en-salud-mental-y-adicciones\/#breadcrumb","itemListElement":[{"@type":"ListItem","position":1,"name":"Portada","item":"https:\/\/www.loopian.com.ar\/inscripcion\/"},{"@type":"ListItem","position":2,"name":"Tienda","item":"https:\/\/www.loopian.com.ar\/inscripcion\/tienda\/"},{"@type":"ListItem","position":3,"name":"Acompa\u00f1ante Terap\u00e9utico en Salud Mental y Adicciones"}]},{"@type":"WebSite","@id":"https:\/\/www.loopian.com.ar\/inscripcion\/#website","url":"https:\/\/www.loopian.com.ar\/inscripcion\/","name":"Loopian","description":"Cursos a Distancia","publisher":{"@id":"https:\/\/www.loopian.com.ar\/inscripcion\/#organization"},"potentialAction":[{"@type":"SearchAction","target":{"@type":"EntryPoint","urlTemplate":"https:\/\/www.loopian.com.ar\/inscripcion\/?s={search_term_string}"},"query-input":{"@type":"PropertyValueSpecification","valueRequired":true,"valueName":"search_term_string"}}],"inLanguage":"es"},{"@type":"Organization","@id":"https:\/\/www.loopian.com.ar\/inscripcion\/#organization","name":"Loopian - Centro de Educaci\u00f3n a Distancia","url":"https:\/\/www.loopian.com.ar\/inscripcion\/","logo":{"@type":"ImageObject","inLanguage":"es","@id":"https:\/\/www.loopian.com.ar\/inscripcion\/#\/schema\/logo\/image\/","url":"https:\/\/www.loopian.com.ar\/cursos\/wp-content\/uploads\/2014\/10\/Logo-300x76-e1415721729336.png","contentUrl":"https:\/\/www.loopian.com.ar\/cursos\/wp-content\/uploads\/2014\/10\/Logo-300x76-e1415721729336.png","width":280,"height":71,"caption":"Loopian - Centro de Educaci\u00f3n a Distancia"},"image":{"@id":"https:\/\/www.loopian.com.ar\/inscripcion\/#\/schema\/logo\/image\/"},"sameAs":["http:\/\/www.loopian.com.ar\/loopian"]}]}},"_links":{"self":[{"href":"https:\/\/www.loopian.com.ar\/inscripcion\/wp-json\/wp\/v2\/product\/298451","targetHints":{"allow":["GET"]}}],"collection":[{"href":"https:\/\/www.loopian.com.ar\/inscripcion\/wp-json\/wp\/v2\/product"}],"about":[{"href":"https:\/\/www.loopian.com.ar\/inscripcion\/wp-json\/wp\/v2\/types\/product"}],"replies":[{"embeddable":true,"href":"https:\/\/www.loopian.com.ar\/inscripcion\/wp-json\/wp\/v2\/comments?post=298451"}],"wp:featuredmedia":[{"embeddable":true,"href":"https:\/\/www.loopian.com.ar\/inscripcion\/wp-json\/wp\/v2\/media\/298455"}],"wp:attachment":[{"href":"https:\/\/www.loopian.com.ar\/inscripcion\/wp-json\/wp\/v2\/media?parent=298451"}],"wp:term":[{"taxonomy":"product_brand","embeddable":true,"href":"https:\/\/www.loopian.com.ar\/inscripcion\/wp-json\/wp\/v2\/product_brand?post=298451"},{"taxonomy":"product_cat","embeddable":true,"href":"https:\/\/www.loopian.com.ar\/inscripcion\/wp-json\/wp\/v2\/product_cat?post=298451"},{"taxonomy":"product_tag","embeddable":true,"href":"https:\/\/www.loopian.com.ar\/inscripcion\/wp-json\/wp\/v2\/product_tag?post=298451"}],"curies":[{"name":"wp","href":"https:\/\/api.w.org\/{rel}","templated":true}]}}